{"id":866,"date":"2025-01-13T06:08:40","date_gmt":"2025-01-13T06:08:40","guid":{"rendered":"https:\/\/www.lk-b.de\/gesundheit\/?post_type=product&#038;p=866"},"modified":"2025-01-13T07:02:26","modified_gmt":"2025-01-13T07:02:26","slug":"glucolite","status":"publish","type":"product","link":"https:\/\/www.lk-b.de\/gesundheit\/glucolite\/","title":{"rendered":"Glucolite"},"content":{"rendered":"<p>Glucolite ist ein speziell entwickeltes Nahrungserg\u00e4nzungsmittel, das Menschen mit Diabetes oder anderen Blutzuckerproblemen bei der Blutzuckerregulation unterst\u00fctzt. Die Kapseln enthalten eine Mischung aus pflanzlichen Extrakten und Mikron\u00e4hrstoffen, die gemeinsam den Glucosestoffwechsel verbessern und die Insulinsensitivit\u00e4t f\u00f6rdern k\u00f6nnen. Besonders Menschen, die mit Schwankungen des Blutzuckerspiegels zu k\u00e4mpfen haben, k\u00f6nnen von den Inhaltsstoffen profitieren, die dazu beitragen, den Blutzuckerspiegel zu stabilisieren und das allgemeine Wohlbefinden zu steigern.<\/p>\n<p>Glucolite ist eine ideale Wahl f\u00fcr Menschen, die auf nat\u00fcrliche Weise ihre Blutzuckerwerte regulieren m\u00f6chten, ohne auf chemische Medikamente zur\u00fcckgreifen zu m\u00fcssen. Die sorgf\u00e4ltige Auswahl von Inhaltsstoffen wie Gymnema, Heidelbeerbl\u00e4ttern und Alpha-Lipons\u00e4ure bietet eine fundierte Grundlage zur Unterst\u00fctzung einer besseren Glukoseaufnahme und einer ges\u00fcnderen Insulinreaktion im K\u00f6rper.<\/p>\n<figure class=\"wp-block-table is-style-regular\">\n<table class=\"has-fixed-layout\" style=\"height: 314px\" width=\"460\">\n<tbody>\n<tr style=\"height: 13px\">\n<td style=\"height: 13px\"><strong>Produktname<\/strong><\/td>\n<td style=\"height: 13px\"><strong>Glucolite<\/strong><\/td>\n<\/tr>\n<tr style=\"height: 14px\">\n<td style=\"height: 14px\"><strong>Meinung<\/strong><\/td>\n<td style=\"height: 14px\">\u2b50\u2b50\u2b50\u2b50\u2b50<\/td>\n<\/tr>\n<tr style=\"height: 13px\">\n<td style=\"height: 13px\"><strong>Preis<\/strong><\/td>\n<td style=\"height: 13px\">49 \u20ac<\/td>\n<\/tr>\n<tr style=\"height: 13px\">\n<td style=\"height: 13px\"><strong>Produktform<\/strong><\/td>\n<td style=\"height: 13px\">Kapseln<\/td>\n<\/tr>\n<tr style=\"height: 12.5875px\">\n<td style=\"height: 12.5875px\"><strong>Zusammensetzung<\/strong><\/td>\n<td style=\"height: 12.5875px\">\n<ul>\n<li>Gymnema-Blattextrakt 4:1<\/li>\n<li>Extrakt aus wei\u00dfen Kidneybohnenschalen 4:1<\/li>\n<li>Galega-Extrakt \u22651 % Galegine<\/li>\n<li>Heidelbeerblattextrakt 4:1<\/li>\n<li>Maulbeerblattextrakt 4:1<\/li>\n<li>Alpha-Lipons\u00e4ure<\/li>\n<li>Magnesiumoxid<\/li>\n<li>Chrompicolinat<\/li>\n<\/ul>\n<\/td>\n<\/tr>\n<\/tbody>\n<\/table>\n<\/figure>\n<h2><strong>Indikationen f\u00fcr die Verwendung von Glucolite<\/strong><\/h2>\n<p>Glucolite ist besonders geeignet f\u00fcr Menschen, die ihre Blutzuckerwerte auf nat\u00fcrliche Weise regulieren m\u00f6chten. Besonders vorteilhaft ist es f\u00fcr Menschen mit Typ-2-Diabetes oder diejenigen, die ein Risiko f\u00fcr die Entwicklung von Diabetes haben. Das Nahrungserg\u00e4nzungsmittel hilft, den Glukosestoffwechsel zu verbessern, indem es die Insulinsensitivit\u00e4t f\u00f6rdert und den Blutzuckerspiegel stabilisiert.<\/p>\n<p>Die Kombination der Inhaltsstoffe sorgt daf\u00fcr, dass die Wirkung von Insulin im K\u00f6rper optimiert wird, was eine bessere Kontrolle \u00fcber den Blutzuckerspiegel erm\u00f6glicht. Glucolite kann auch hilfreich sein, um Blutzuckerspitzen nach Mahlzeiten zu vermeiden und den gesamten Energiestoffwechsel zu unterst\u00fctzen. Dar\u00fcber hinaus ist es eine wertvolle Erg\u00e4nzung f\u00fcr Menschen, die zus\u00e4tzlich mit oxidativem Stress oder Entz\u00fcndungen zu k\u00e4mpfen haben.<\/p>\n<h2><strong>Wie wirkt Glucolite?<\/strong><\/h2>\n<div class=\"flex-shrink-0 flex flex-col relative items-end\">\n<div>\n<div class=\"pt-0\">\n<div class=\"gizmo-bot-avatar flex h-8 w-8 items-center justify-center overflow-hidden rounded-full\">\n<div class=\"relative p-1 rounded-sm flex items-center justify-center bg-token-main-surface-primary text-token-text-primary h-8 w-8\"><span style=\"font-size: 16px\">Glucolite basiert auf einer einzigartigen Kombination nat\u00fcrlicher Inhaltsstoffe, die darauf abzielen, die Blutzuckerregulation zu optimieren und den Insulinhaushalt zu unterst\u00fctzen. Durch die harmonische Zusammenarbeit dieser ausgew\u00e4hlten Pflanzenextrakte und Mikron\u00e4hrstoffe bietet das Produkt eine effektive Unterst\u00fctzung f\u00fcr diejenigen, die ihre Blutzuckerwerte stabilisieren m\u00f6chten.<\/span><\/div>\n<\/div>\n<\/div>\n<\/div>\n<\/div>\n<div class=\"group\/conversation-turn relative flex w-full min-w-0 flex-col agent-turn\">\n<div class=\"flex-col gap-1 md:gap-3\">\n<div class=\"flex max-w-full flex-col flex-grow\">\n<div class=\"min-h-8 text-message flex w-full flex-col items-end gap-2 whitespace-normal break-words text-start [.text-message+&amp;]:mt-5\" dir=\"auto\" data-message-author-role=\"assistant\" data-message-id=\"6b281dc0-201f-46a4-b3f4-f9e6e615da2e\" data-message-model-slug=\"gpt-4o-mini\">\n<div class=\"flex w-full flex-col gap-1 empty:hidden first:pt-[3px]\">\n<div class=\"markdown prose w-full break-words dark:prose-invert dark\">\n<p>Die regelm\u00e4\u00dfige Einnahme von Glucolite kann dazu beitragen, den Blutzuckerspiegel im Gleichgewicht zu halten und die Insulinempfindlichkeit zu verbessern. Die Formel wirkt auf nat\u00fcrliche Weise, um die Aufnahme von Zucker zu regulieren, den oxidativen Stress zu reduzieren und eine verbesserte Insulinreaktion zu f\u00f6rdern. Glucolite ist besonders hilfreich f\u00fcr Menschen, die ihre Gesundheit im Hinblick auf Blutzucker und Stoffwechsel optimieren m\u00f6chten.<\/p>\n<h2><strong>Glucolite \u2013 Zusammensetzung<\/strong><\/h2>\n<p>Die Glucolite Kapseln enthalten eine spezielle Mischung aus pflanzlichen Extrakten und Mikron\u00e4hrstoffen, die zusammenwirken, um die Blutzuckerregulation zu unterst\u00fctzen und die Insulinempfindlichkeit zu verbessern. Hier sind die wichtigsten Zutaten und ihre jeweiligen Vorteile:<\/p>\n<ul>\n<li style=\"list-style-type: none\">\n<ul>\n<li>Gymnema-Blattextrakt 4:1: Gymnema sylvestre ist eine Pflanze, die in der traditionellen Medizin zur Unterst\u00fctzung der Blutzuckerregulation verwendet wird. Studien zeigen, dass Gymnema den Blutzuckerspiegel senken und die Insulinempfindlichkeit verbessern kann. Es hilft, den Zuckeranteil im Blut zu regulieren, indem es die Insulinproduktion im K\u00f6rper unterst\u00fctzt.<\/li>\n<li>Extrakt aus wei\u00dfen Kidneybohnenschalen 4:1: Dieser Extrakt hat die F\u00e4higkeit, die Kohlenhydrataufnahme im Darm zu hemmen. Indem die Aufnahme von Zucker und St\u00e4rke verringert wird, tr\u00e4gt der Extrakt dazu bei, den Blutzuckerspiegel nach den Mahlzeiten stabil zu halten.<\/li>\n<li>Galega-Extrakt, \u22651 % Galegine: Galega officinalis, auch als Ziegenkraut bekannt, enth\u00e4lt Galegine, das f\u00fcr seine Wirkung zur Senkung des Blutzuckerspiegels und zur Verbesserung der Insulinempfindlichkeit bekannt ist. Es wird h\u00e4ufig als nat\u00fcrliche Unterst\u00fctzung bei der Behandlung von Diabetes eingesetzt.<\/li>\n<li>Heidelbeerblattextrakt 4:1: Heidelbeerbl\u00e4tter enthalten wertvolle Antioxidantien, die zur Reduzierung von oxidativem Stress beitragen. Oxidativer Stress ist ein Faktor, der den Blutzucker beeinflussen kann, weshalb Heidelbeerblattextrakt eine unterst\u00fctzende Rolle bei der Blutzuckerregulation spielt.<\/li>\n<li>Maulbeerblattextrakt 4:1: Maulbeerbl\u00e4tter sind bekannt daf\u00fcr, dass sie den Blutzuckerspiegel stabilisieren k\u00f6nnen. Der Extrakt aus den Bl\u00e4ttern f\u00f6rdert eine verbesserte Insulinempfindlichkeit und unterst\u00fctzt eine gesunde Blutzuckerbalance.<\/li>\n<li>Alpha-Lipons\u00e4ure: Alpha-Lipons\u00e4ure ist ein starkes Antioxidans, das eine Rolle bei der Stabilisierung der Blutzuckerwerte spielt. Sie hilft, den oxidativen Stress zu reduzieren und f\u00f6rdert die Insulinempfindlichkeit, was f\u00fcr Menschen mit Diabetes von gro\u00dfem Nutzen ist.<\/li>\n<li>Magnesiumoxid: Magnesium ist ein wichtiger Mineralstoff, der bei der Regulierung des Glucosestoffwechsels hilft. Es tr\u00e4gt dazu bei, den Blutzuckerspiegel auf einem gesunden Niveau zu halten und unterst\u00fctzt eine effektive Insulinverwertung im K\u00f6rper.<\/li>\n<\/ul>\n<\/li>\n<\/ul>\n<ul>\n<li>Chrompicolinat: Chrom ist ein essentielles Spurenelement, das die Wirkung von Insulin unterst\u00fctzt und somit eine Schl\u00fcsselrolle bei der Blutzuckerregulation spielt. Es hilft, den Blutzuckerspiegel zu stabilisieren und Hei\u00dfhungerattacken zu reduzieren.<\/li>\n<\/ul>\n<\/div>\n<\/div>\n<\/div>\n<\/div>\n<\/div>\n<\/div>\n<h2><strong>Wie verwendet man Glucolite? Dosierung<\/strong><\/h2>\n<p>F\u00fcr die besten Ergebnisse empfiehlt es sich, t\u00e4glich zwei Kapseln von Glucolite einzunehmen. Die Kapseln sollten idealerweise zu den Mahlzeiten eingenommen werden, um die Aufnahme der Inhaltsstoffe zu maximieren.<\/p>\n<ul>\n<li><strong>Dosierung<\/strong>: 2 Kapseln t\u00e4glich (1 morgens, 1 abends).<\/li>\n<li><strong>Einnahme<\/strong>: Die Kapseln sollten mit ausreichend Fl\u00fcssigkeit (z. B. einem Glas Wasser) eingenommen werden.<\/li>\n<li><strong>Einnahmezeitpunkt<\/strong>: Es ist ratsam, die Kapseln zu den Mahlzeiten einzunehmen, da dies die Aufnahme der Wirkstoffe unterst\u00fctzt.<\/li>\n<li><strong>Kombination<\/strong>: Eine gesunde Ern\u00e4hrung und regelm\u00e4\u00dfige Bewegung erg\u00e4nzen die Wirkung von Glucolite und helfen, die Blutzuckerregulation langfristig zu unterst\u00fctzen.<\/li>\n<\/ul>\n<p>Die Anwendung von Glucolite sollte \u00fcber einen l\u00e4ngeren Zeitraum erfolgen, um sp\u00fcrbare Ergebnisse zu erzielen. Je nach individuellem Bedarf kann die Anwendung jedoch angepasst werden.<\/p>\n<h2><strong>Kontraindikationen und Vorsichtsma\u00dfnahmen<\/strong><\/h2>\n<p>Glucolite ist ein sicheres Nahrungserg\u00e4nzungsmittel, jedoch sollten Menschen, die allergisch auf einen der Inhaltsstoffe reagieren, auf die Einnahme verzichten. Wenn Sie schwanger sind, stillen oder an einer schweren Erkrankung leiden, sollten Sie vor der Einnahme von Glucolite einen Arzt konsultieren.<\/p>\n<p>Da das Produkt keine chemischen Wirkstoffe enth\u00e4lt, ist es in der Regel gut vertr\u00e4glich. Menschen mit einer bekannten Unvertr\u00e4glichkeit gegen\u00fcber einem der pflanzlichen Extrakte sollten jedoch vorsichtig sein.<\/p>\n<h2><strong>Schwangerschaft und Stillzeit<\/strong><\/h2>\n<p>Es gibt keine ausreichenden wissenschaftlichen Daten zur Sicherheit von Glucolite w\u00e4hrend der Schwangerschaft oder Stillzeit. Daher wird schwangeren und stillenden Frauen geraten, vor der Einnahme dieses Produkts mit ihrem Arzt R\u00fccksprache zu halten.<\/p>\n<h2><strong>Nebenwirkungen und unerw\u00fcnschte Reaktionen<\/strong><\/h2>\n<p>In der Regel werden bei der Einnahme von Glucolite keine schwerwiegenden Nebenwirkungen beobachtet. Einige Nutzer k\u00f6nnten jedoch leichte Magenbeschwerden oder Ver\u00e4nderungen im Stuhlgang erfahren. Sollten solche Symptome auftreten und anhalten, wird empfohlen, die Einnahme zu beenden und einen Arzt zu konsultieren.<\/p>\n<h2><strong>Glucolite \u2013 Wirkung<\/strong><\/h2>\n<p>Glucolite hilft, den Blutzuckerspiegel zu stabilisieren und die Insulinempfindlichkeit zu verbessern, was zu einer besseren Glukoseaufnahme im K\u00f6rper f\u00fchrt. Die Kombination der Inhaltsstoffe tr\u00e4gt auch dazu bei, den oxidativen Stress zu reduzieren und Entz\u00fcndungen zu bek\u00e4mpfen. Eine regelm\u00e4\u00dfige Einnahme von Glucolite kann zu einem langfristig stabileren Blutzuckerspiegel f\u00fchren und so das Risiko f\u00fcr Blutzuckerschwankungen verringern.<\/p>\n<h2><strong>Glucolite \u2013 Bewertungen und Erfahrungsberichte<\/strong><\/h2>\n<ul>\n<li>\u201eGlucolite hat mir geholfen, meine Blutzuckerwerte besser zu kontrollieren, und ich f\u00fchle mich insgesamt viel fitter.\u201c \u2013 Ein zufriedener Nutzer.<\/li>\n<li>\u201eIch nehme Glucolite seit einigen Wochen und meine Insulinempfindlichkeit hat sich deutlich verbessert. Es ist ein tolles Produkt!\u201c \u2013 Eine begeisterte Anwenderin.<\/li>\n<li>\u201eIch hatte immer Probleme, meinen Blutzuckerspiegel zu regulieren, aber mit Glucolite habe ich endlich eine L\u00f6sung gefunden.\u201c \u2013 Ein langj\u00e4hriger Nutzer.<\/li>\n<\/ul>\n<h2><strong>Lagerung<\/strong><\/h2>\n<p>Glucolite sollte an einem k\u00fchlen, trockenen Ort aufbewahrt werden. Lagern Sie die Kapseln au\u00dferhalb der Reichweite von Kindern und sch\u00fctzen Sie sie vor direkter Sonneneinstrahlung. Achten Sie darauf, die Kapseln immer gut verschlossen zu halten, um ihre Wirksamkeit zu erhalten.<\/p>\n","protected":false},"excerpt":{"rendered":"<p>Glucolite ist ein speziell entwickeltes Nahrungserg\u00e4nzungsmittel, das Menschen mit Diabetes oder anderen Blutzuckerproblemen bei der Blutzuckerregulation unterst\u00fctzt. Die Kapseln enthalten [&hellip;]<\/p>\n","protected":false},"featured_media":872,"comment_status":"open","ping_status":"closed","template":"","meta":{"site-sidebar-layout":"default","site-content-layout":"","ast-site-content-layout":"default","site-content-style":"default","site-sidebar-style":"default","ast-global-header-display":"","ast-banner-title-visibility":"","ast-main-header-display":"","ast-hfb-above-header-display":"","ast-hfb-below-header-display":"","ast-hfb-mobile-header-display":"","site-post-title":"","ast-breadcrumbs-content":"","ast-featured-img":"","footer-sml-layout":"","ast-disable-related-posts":"","theme-transparent-header-meta":"default","adv-header-id-meta":"","stick-header-meta":"default","header-above-stick-meta":"","header-main-stick-meta":"","header-below-stick-meta":"","astra-migrate-meta-layouts":"set","ast-page-background-enabled":"default","ast-page-background-meta":{"desktop":{"background-color":"var(--ast-global-color-4)","background-image":"","background-repeat":"repeat","background-position":"center center","background-size":"auto","background-attachment":"scroll","background-type":"","background-media":"","overlay-type":"","overlay-color":"","overlay-opacity":"","overlay-gradient":""},"tablet":{"background-color":"","background-image":"","background-repeat":"repeat","background-position":"center center","background-size":"auto","background-attachment":"scroll","background-type":"","background-media":"","overlay-type":"","overlay-color":"","overlay-opacity":"","overlay-gradient":""},"mobile":{"background-color":"","background-image":"","background-repeat":"repeat","background-position":"center center","background-size":"auto","background-attachment":"scroll","background-type":"","background-media":"","overlay-type":"","overlay-color":"","overlay-opacity":"","overlay-gradient":""}},"ast-content-background-meta":{"desktop":{"background-color":"var(--ast-global-color-5)","background-image":"","background-repeat":"repeat","background-position":"center center","background-size":"auto","background-attachment":"scroll","background-type":"","background-media":"","overlay-type":"","overlay-color":"","overlay-opacity":"","overlay-gradient":""},"tablet":{"background-color":"var(--ast-global-color-5)","background-image":"","background-repeat":"repeat","background-position":"center center","background-size":"auto","background-attachment":"scroll","background-type":"","background-media":"","overlay-type":"","overlay-color":"","overlay-opacity":"","overlay-gradient":""},"mobile":{"background-color":"var(--ast-global-color-5)","background-image":"","background-repeat":"repeat","background-position":"center center","background-size":"auto","background-attachment":"scroll","background-type":"","background-media":"","overlay-type":"","overlay-color":"","overlay-opacity":"","overlay-gradient":""}}},"product_brand":[],"product_cat":[18],"product_tag":[],"class_list":{"0":"post-866","1":"product","2":"type-product","3":"status-publish","4":"has-post-thumbnail","6":"product_cat-gesundheit","7":"desktop-align-left","8":"tablet-align-left","9":"mobile-align-left","10":"ast-product-gallery-layout-first-image-large","11":"ast-product-gallery-with-no-image","12":"ast-product-tabs-layout-vertical","14":"first","15":"instock","16":"sale","17":"shipping-taxable","18":"purchasable","19":"product-type-simple"},"yoast_head":"<!-- This site is optimized with the Yoast SEO plugin v27.5 - https:\/\/yoast.com\/product\/yoast-seo-wordpress\/ -->\n<title>Glucolite - Erfahrungen und Bewertungen<\/title>\n<meta name=\"robots\" content=\"index, follow, max-snippet:-1, max-image-preview:large, max-video-preview:-1\" \/>\n<link rel=\"canonical\" href=\"https:\/\/www.lk-b.de\/gesundheit\/glucolite\/\" \/>\n<meta property=\"og:locale\" content=\"de_DE\" \/>\n<meta property=\"og:type\" content=\"article\" \/>\n<meta property=\"og:title\" content=\"Glucolite - Erfahrungen und Bewertungen\" \/>\n<meta property=\"og:description\" content=\"Glucolite ist ein speziell entwickeltes Nahrungserg\u00e4nzungsmittel, das Menschen mit Diabetes oder anderen Blutzuckerproblemen bei der Blutzuckerregulation unterst\u00fctzt. Die Kapseln enthalten [&hellip;]\" \/>\n<meta property=\"og:url\" content=\"https:\/\/www.lk-b.de\/gesundheit\/glucolite\/\" \/>\n<meta property=\"og:site_name\" content=\"Lungenklinik Ballenstedt\" \/>\n<meta property=\"article:modified_time\" content=\"2025-01-13T07:02:26+00:00\" \/>\n<meta property=\"og:image\" content=\"https:\/\/www.lk-b.de\/gesundheit\/wp-content\/uploads\/2025\/01\/Glucolite.jpg\" \/>\n\t<meta property=\"og:image:width\" content=\"2000\" \/>\n\t<meta property=\"og:image:height\" content=\"2000\" \/>\n\t<meta property=\"og:image:type\" content=\"image\/jpeg\" \/>\n<meta name=\"twitter:card\" content=\"summary_large_image\" \/>\n<meta name=\"twitter:label1\" content=\"Gesch\u00e4tzte Lesezeit\" \/>\n\t<meta name=\"twitter:data1\" content=\"7\u00a0Minuten\" \/>\n<script type=\"application\/ld+json\" class=\"yoast-schema-graph\">{\"@context\":\"https:\\\/\\\/schema.org\",\"@graph\":[{\"@type\":[\"WebPage\",\"ItemPage\"],\"@id\":\"https:\\\/\\\/www.lk-b.de\\\/gesundheit\\\/glucolite\\\/\",\"url\":\"https:\\\/\\\/www.lk-b.de\\\/gesundheit\\\/glucolite\\\/\",\"name\":\"Glucolite - Erfahrungen und Bewertungen\",\"isPartOf\":{\"@id\":\"https:\\\/\\\/www.lk-b.de\\\/gesundheit\\\/#website\"},\"primaryImageOfPage\":{\"@id\":\"https:\\\/\\\/www.lk-b.de\\\/gesundheit\\\/glucolite\\\/#primaryimage\"},\"image\":{\"@id\":\"https:\\\/\\\/www.lk-b.de\\\/gesundheit\\\/glucolite\\\/#primaryimage\"},\"thumbnailUrl\":\"https:\\\/\\\/www.lk-b.de\\\/gesundheit\\\/wp-content\\\/uploads\\\/2025\\\/01\\\/Glucolite.jpg\",\"datePublished\":\"2025-01-13T06:08:40+00:00\",\"dateModified\":\"2025-01-13T07:02:26+00:00\",\"breadcrumb\":{\"@id\":\"https:\\\/\\\/www.lk-b.de\\\/gesundheit\\\/glucolite\\\/#breadcrumb\"},\"inLanguage\":\"de\",\"potentialAction\":[{\"@type\":\"ReadAction\",\"target\":[\"https:\\\/\\\/www.lk-b.de\\\/gesundheit\\\/glucolite\\\/\"]}]},{\"@type\":\"ImageObject\",\"inLanguage\":\"de\",\"@id\":\"https:\\\/\\\/www.lk-b.de\\\/gesundheit\\\/glucolite\\\/#primaryimage\",\"url\":\"https:\\\/\\\/www.lk-b.de\\\/gesundheit\\\/wp-content\\\/uploads\\\/2025\\\/01\\\/Glucolite.jpg\",\"contentUrl\":\"https:\\\/\\\/www.lk-b.de\\\/gesundheit\\\/wp-content\\\/uploads\\\/2025\\\/01\\\/Glucolite.jpg\",\"width\":2000,\"height\":2000,\"caption\":\"Glucolite\"},{\"@type\":\"BreadcrumbList\",\"@id\":\"https:\\\/\\\/www.lk-b.de\\\/gesundheit\\\/glucolite\\\/#breadcrumb\",\"itemListElement\":[{\"@type\":\"ListItem\",\"position\":1,\"name\":\"Startseite\",\"item\":\"https:\\\/\\\/www.lk-b.de\\\/gesundheit\\\/\"},{\"@type\":\"ListItem\",\"position\":2,\"name\":\"Gesundheit\",\"item\":\"https:\\\/\\\/www.lk-b.de\\\/gesundheit\\\/\"},{\"@type\":\"ListItem\",\"position\":3,\"name\":\"Glucolite\"}]},{\"@type\":\"WebSite\",\"@id\":\"https:\\\/\\\/www.lk-b.de\\\/gesundheit\\\/#website\",\"url\":\"https:\\\/\\\/www.lk-b.de\\\/gesundheit\\\/\",\"name\":\"Lungenklinik Ballenstedt\",\"description\":\"\",\"publisher\":{\"@id\":\"https:\\\/\\\/www.lk-b.de\\\/gesundheit\\\/#organization\"},\"potentialAction\":[{\"@type\":\"SearchAction\",\"target\":{\"@type\":\"EntryPoint\",\"urlTemplate\":\"https:\\\/\\\/www.lk-b.de\\\/gesundheit\\\/?s={search_term_string}\"},\"query-input\":{\"@type\":\"PropertyValueSpecification\",\"valueRequired\":true,\"valueName\":\"search_term_string\"}}],\"inLanguage\":\"de\"},{\"@type\":\"Organization\",\"@id\":\"https:\\\/\\\/www.lk-b.de\\\/gesundheit\\\/#organization\",\"name\":\"Lungenklinik Ballenstedt\",\"url\":\"https:\\\/\\\/www.lk-b.de\\\/gesundheit\\\/\",\"logo\":{\"@type\":\"ImageObject\",\"inLanguage\":\"de\",\"@id\":\"https:\\\/\\\/www.lk-b.de\\\/gesundheit\\\/#\\\/schema\\\/logo\\\/image\\\/\",\"url\":\"https:\\\/\\\/www.lk-b.de\\\/gesundheit\\\/wp-content\\\/uploads\\\/2024\\\/11\\\/logo.jpg\",\"contentUrl\":\"https:\\\/\\\/www.lk-b.de\\\/gesundheit\\\/wp-content\\\/uploads\\\/2024\\\/11\\\/logo.jpg\",\"width\":1170,\"height\":1171,\"caption\":\"Lungenklinik Ballenstedt\"},\"image\":{\"@id\":\"https:\\\/\\\/www.lk-b.de\\\/gesundheit\\\/#\\\/schema\\\/logo\\\/image\\\/\"}}]}<\/script>\n<!-- \/ Yoast SEO plugin. -->","yoast_head_json":{"title":"Glucolite - Erfahrungen und Bewertungen","robots":{"index":"index","follow":"follow","max-snippet":"max-snippet:-1","max-image-preview":"max-image-preview:large","max-video-preview":"max-video-preview:-1"},"canonical":"https:\/\/www.lk-b.de\/gesundheit\/glucolite\/","og_locale":"de_DE","og_type":"article","og_title":"Glucolite - Erfahrungen und Bewertungen","og_description":"Glucolite ist ein speziell entwickeltes Nahrungserg\u00e4nzungsmittel, das Menschen mit Diabetes oder anderen Blutzuckerproblemen bei der Blutzuckerregulation unterst\u00fctzt. Die Kapseln enthalten [&hellip;]","og_url":"https:\/\/www.lk-b.de\/gesundheit\/glucolite\/","og_site_name":"Lungenklinik Ballenstedt","article_modified_time":"2025-01-13T07:02:26+00:00","og_image":[{"width":2000,"height":2000,"url":"https:\/\/www.lk-b.de\/gesundheit\/wp-content\/uploads\/2025\/01\/Glucolite.jpg","type":"image\/jpeg"}],"twitter_card":"summary_large_image","twitter_misc":{"Gesch\u00e4tzte Lesezeit":"7\u00a0Minuten"},"schema":{"@context":"https:\/\/schema.org","@graph":[{"@type":["WebPage","ItemPage"],"@id":"https:\/\/www.lk-b.de\/gesundheit\/glucolite\/","url":"https:\/\/www.lk-b.de\/gesundheit\/glucolite\/","name":"Glucolite - Erfahrungen und Bewertungen","isPartOf":{"@id":"https:\/\/www.lk-b.de\/gesundheit\/#website"},"primaryImageOfPage":{"@id":"https:\/\/www.lk-b.de\/gesundheit\/glucolite\/#primaryimage"},"image":{"@id":"https:\/\/www.lk-b.de\/gesundheit\/glucolite\/#primaryimage"},"thumbnailUrl":"https:\/\/www.lk-b.de\/gesundheit\/wp-content\/uploads\/2025\/01\/Glucolite.jpg","datePublished":"2025-01-13T06:08:40+00:00","dateModified":"2025-01-13T07:02:26+00:00","breadcrumb":{"@id":"https:\/\/www.lk-b.de\/gesundheit\/glucolite\/#breadcrumb"},"inLanguage":"de","potentialAction":[{"@type":"ReadAction","target":["https:\/\/www.lk-b.de\/gesundheit\/glucolite\/"]}]},{"@type":"ImageObject","inLanguage":"de","@id":"https:\/\/www.lk-b.de\/gesundheit\/glucolite\/#primaryimage","url":"https:\/\/www.lk-b.de\/gesundheit\/wp-content\/uploads\/2025\/01\/Glucolite.jpg","contentUrl":"https:\/\/www.lk-b.de\/gesundheit\/wp-content\/uploads\/2025\/01\/Glucolite.jpg","width":2000,"height":2000,"caption":"Glucolite"},{"@type":"BreadcrumbList","@id":"https:\/\/www.lk-b.de\/gesundheit\/glucolite\/#breadcrumb","itemListElement":[{"@type":"ListItem","position":1,"name":"Startseite","item":"https:\/\/www.lk-b.de\/gesundheit\/"},{"@type":"ListItem","position":2,"name":"Gesundheit","item":"https:\/\/www.lk-b.de\/gesundheit\/"},{"@type":"ListItem","position":3,"name":"Glucolite"}]},{"@type":"WebSite","@id":"https:\/\/www.lk-b.de\/gesundheit\/#website","url":"https:\/\/www.lk-b.de\/gesundheit\/","name":"Lungenklinik Ballenstedt","description":"","publisher":{"@id":"https:\/\/www.lk-b.de\/gesundheit\/#organization"},"potentialAction":[{"@type":"SearchAction","target":{"@type":"EntryPoint","urlTemplate":"https:\/\/www.lk-b.de\/gesundheit\/?s={search_term_string}"},"query-input":{"@type":"PropertyValueSpecification","valueRequired":true,"valueName":"search_term_string"}}],"inLanguage":"de"},{"@type":"Organization","@id":"https:\/\/www.lk-b.de\/gesundheit\/#organization","name":"Lungenklinik Ballenstedt","url":"https:\/\/www.lk-b.de\/gesundheit\/","logo":{"@type":"ImageObject","inLanguage":"de","@id":"https:\/\/www.lk-b.de\/gesundheit\/#\/schema\/logo\/image\/","url":"https:\/\/www.lk-b.de\/gesundheit\/wp-content\/uploads\/2024\/11\/logo.jpg","contentUrl":"https:\/\/www.lk-b.de\/gesundheit\/wp-content\/uploads\/2024\/11\/logo.jpg","width":1170,"height":1171,"caption":"Lungenklinik Ballenstedt"},"image":{"@id":"https:\/\/www.lk-b.de\/gesundheit\/#\/schema\/logo\/image\/"}}]}},"_links":{"self":[{"href":"https:\/\/www.lk-b.de\/gesundheit\/wp-json\/wp\/v2\/product\/866","targetHints":{"allow":["GET"]}}],"collection":[{"href":"https:\/\/www.lk-b.de\/gesundheit\/wp-json\/wp\/v2\/product"}],"about":[{"href":"https:\/\/www.lk-b.de\/gesundheit\/wp-json\/wp\/v2\/types\/product"}],"replies":[{"embeddable":true,"href":"https:\/\/www.lk-b.de\/gesundheit\/wp-json\/wp\/v2\/comments?post=866"}],"wp:featuredmedia":[{"embeddable":true,"href":"https:\/\/www.lk-b.de\/gesundheit\/wp-json\/wp\/v2\/media\/872"}],"wp:attachment":[{"href":"https:\/\/www.lk-b.de\/gesundheit\/wp-json\/wp\/v2\/media?parent=866"}],"wp:term":[{"taxonomy":"product_brand","embeddable":true,"href":"https:\/\/www.lk-b.de\/gesundheit\/wp-json\/wp\/v2\/product_brand?post=866"},{"taxonomy":"product_cat","embeddable":true,"href":"https:\/\/www.lk-b.de\/gesundheit\/wp-json\/wp\/v2\/product_cat?post=866"},{"taxonomy":"product_tag","embeddable":true,"href":"https:\/\/www.lk-b.de\/gesundheit\/wp-json\/wp\/v2\/product_tag?post=866"}],"curies":[{"name":"wp","href":"https:\/\/api.w.org\/{rel}","templated":true}]}}