{"id":378,"date":"2024-12-17T08:54:41","date_gmt":"2024-12-17T08:54:41","guid":{"rendered":"https:\/\/www.lk-b.de\/gesundheit\/?post_type=product&#038;p=378"},"modified":"2025-01-23T13:10:42","modified_gmt":"2025-01-23T13:10:42","slug":"weiprost","status":"publish","type":"product","link":"https:\/\/www.lk-b.de\/gesundheit\/weiprost\/","title":{"rendered":"Weiprost"},"content":{"rendered":"<p>Weiprost ist ein speziell entwickeltes Nahrungserg\u00e4nzungsmittel zur Unterst\u00fctzung der Prostatagesundheit. Es enth\u00e4lt eine sorgf\u00e4ltige Kombination aus nat\u00fcrlichen Inhaltsstoffen, die gemeinsam dazu beitragen k\u00f6nnen, Symptome von Prostatitis zu lindern und die allgemeine Prostatagesundheit zu f\u00f6rdern. Weiprost wird vor allem zur F\u00f6rderung der normalen Prostatafunktion und zur Linderung h\u00e4ufiger Beschwerden wie Schmerzen und h\u00e4ufigem Wasserlassen verwendet.<\/p>\n<div class=\"su-button-center\"><a href=\"https:\/\/www.lk-b.de\/gesundheit\/weiprost-de\" class=\"su-button su-button-style-3d\" style=\"color:#FFFFFF;background-color:#0067ff;border-color:#0053cc;border-radius:10px\" target=\"_self\"><span style=\"color:#FFFFFF;padding:0px 34px;font-size:25px;line-height:50px;border-color:#4d95ff;border-radius:10px;text-shadow:none\"> <strong>Weiprost F\u00f6rderung -50%<\/strong><\/span><\/a><\/div>\n<p>&nbsp;<\/p>\n<figure class=\"wp-block-table is-style-regular\">\n<table class=\"has-fixed-layout\" style=\"height: 314px;\" width=\"460\">\n<tbody>\n<tr style=\"height: 13px;\">\n<td style=\"height: 13px;\"><strong>Produktname<\/strong><\/td>\n<td style=\"height: 13px;\">Weiprost<\/td>\n<\/tr>\n<tr style=\"height: 14px;\">\n<td style=\"height: 14px;\"><strong>Meinung<\/strong><\/td>\n<td style=\"height: 14px;\">\u2b50\u2b50\u2b50\u2b50\u2b50<\/td>\n<\/tr>\n<tr style=\"height: 13px;\">\n<td style=\"height: 13px;\"><strong>Preis<\/strong><\/td>\n<td style=\"height: 13px;\">49 \u20ac <del>98 \u20ac<\/del><\/td>\n<\/tr>\n<tr style=\"height: 13px;\">\n<td style=\"height: 13px;\"><strong>Produktform<\/strong><\/td>\n<td style=\"height: 13px;\">Kapseln<\/td>\n<\/tr>\n<tr style=\"height: 12.5875px;\">\n<td style=\"height: 12.5875px;\"><strong>Zusammensetzung<\/strong><\/td>\n<td style=\"height: 12.5875px;\">\n<ul>\n<li>K\u00fcrbissamenextrakt<\/li>\n<li>S\u00e4gepalmettenfr\u00fcchtextrakt<\/li>\n<li>Lycopin<\/li>\n<li>Zink<\/li>\n<li>Gotu-Kola-Ganzkrautextrakt<\/li>\n<li>Leinsamenpulver<\/li>\n<li>Kurkuma-Wurzelextrakt<\/li>\n<li>Cranberryfr\u00fcchtextrakt<\/li>\n<li>Epilobium-Ganzkrautextrakt<\/li>\n<li>Brennnesselbl\u00e4tterextrakt<\/li>\n<\/ul>\n<\/td>\n<\/tr>\n<\/tbody>\n<\/table>\n<\/figure>\n<h2>Anwendungsgebiete<\/h2>\n<p>Weiprost wird angewendet bei:<\/p>\n<ul>\n<li>Unterst\u00fctzung der Prostatafunktion<\/li>\n<li>Linderung von Symptomen einer Prostatitis<\/li>\n<li>Reduktion von Entz\u00fcndungen in der Prostata<\/li>\n<li>F\u00f6rderung der Blasen- und Harnwegsgesundheit<\/li>\n<li>Pr\u00e4vention von zuk\u00fcnftigen Prostataproblemen<\/li>\n<\/ul>\n<div class=\"su-button-center\"><a href=\"https:\/\/www.lk-b.de\/gesundheit\/weiprost-de\" class=\"su-button su-button-style-3d\" style=\"color:#FFFFFF;background-color:#0067ff;border-color:#0053cc;border-radius:10px\" target=\"_self\"><span style=\"color:#FFFFFF;padding:0px 34px;font-size:25px;line-height:50px;border-color:#4d95ff;border-radius:10px;text-shadow:none\"> <strong>Weiprost F\u00f6rderung -50%<\/strong><\/span><\/a><\/div>\n<p>&nbsp;<\/p>\n<h2>Weiprost &#8211; Wirkungsweise<\/h2>\n<p>Die Inhaltsstoffe von Weiprost wirken synergistisch, um die Prostata zu unterst\u00fctzen. K\u00fcrbissamenextrakt, S\u00e4gepalmettenfr\u00fcchtextrakt und Lycopin tragen dazu bei, Entz\u00fcndungen zu verringern und die Gesundheit der Prostata langfristig zu f\u00f6rdern. Sie helfen auch, das Risiko von Prostataproblemen zu verringern und verbessern die Blasen- und Harnwegsgesundheit.<\/p>\n<h2>Weiprost &#8211; Inhaltsstoffe und Wirkstoff<\/h2>\n<ul>\n<li>K\u00fcrbissamenextrakt: Unterst\u00fctzt die Prostatafunktion und lindert Symptome einer Prostatitis.<\/li>\n<li>S\u00e4gepalmettenfr\u00fcchtextrakt: Reduziert die Gr\u00f6\u00dfe der Prostata und entlastet die Harnwege.<\/li>\n<li>Lycopin: Ein starkes Antioxidans, das die Prostata vor oxidativem Stress sch\u00fctzt.<\/li>\n<li>Zink: F\u00f6rdert die normale Prostatafunktion und reduziert Entz\u00fcndungen.<\/li>\n<li>Gotu-Kola-Ganzkrautextrakt: Verbessert die Blutzirkulation und f\u00f6rdert die Heilung von Gewebe.<\/li>\n<li>Leinsamenpulver: Enth\u00e4lt Omega-3-Fetts\u00e4uren und Lignane, die entz\u00fcndungshemmende Eigenschaften haben.<\/li>\n<li>Kurkuma-Wurzelextrakt: Hat entz\u00fcndungshemmende und antioxidative Wirkungen.<\/li>\n<li>Cranberryfr\u00fcchtextrakt: Unterst\u00fctzt die Gesundheit der Harnwege.<\/li>\n<li>Epilobium-Ganzkrautextrakt: Lindernd bei Prostata-Beschwerden und beruhigt das Prostatagewebe.<\/li>\n<li>Brennnesselbl\u00e4tterextrakt: Lindert Symptome der benigne Prostatahyperplasie und hat entz\u00fcndungshemmende Eigenschaften.<\/li>\n<\/ul>\n<h2>Weiprost \u2013 Effekte \u2013 Auswirkungen<\/h2>\n<p>Weiprost f\u00f6rdert eine gesunde Prostatafunktion und lindert unangenehme Symptome wie Schmerzen, h\u00e4ufiges Wasserlassen und Brennen. Es unterst\u00fctzt die Reduktion von Entz\u00fcndungen und tr\u00e4gt dazu bei, die Harnwegsgesundheit zu verbessern. Langfristig kann Weiprost helfen, das Risiko f\u00fcr Prostataprobleme zu senken.<\/p>\n<div class=\"su-button-center\"><a href=\"https:\/\/www.lk-b.de\/gesundheit\/weiprost-de\" class=\"su-button su-button-style-3d\" style=\"color:#FFFFFF;background-color:#0067ff;border-color:#0053cc;border-radius:10px\" target=\"_self\"><span style=\"color:#FFFFFF;padding:0px 34px;font-size:25px;line-height:50px;border-color:#4d95ff;border-radius:10px;text-shadow:none\"> <strong>Weiprost F\u00f6rderung -50%<\/strong><\/span><\/a><\/div>\n<p>&nbsp;<\/p>\n<h2>Weiprost &#8211; Meinungen und Bewertungen<\/h2>\n<p>Viele Nutzer berichten von positiven Erfahrungen mit Weiprost. Sie best\u00e4tigen, dass das Produkt hilft, Beschwerden zu lindern und die allgemeine Prostatagesundheit zu f\u00f6rdern. Es wird besonders von Personen empfohlen, die unter Prostatitis oder anderen Prostataproblemen leiden.<\/p>\n<h2>Bei welchen Beschwerden werden Weiprost?<\/h2>\n<p>Weiprost ist geeignet zur Anwendung bei:<\/p>\n<ul>\n<li>Schmerzen und Brennen bei Prostatitis<\/li>\n<li>H\u00e4ufigem Wasserlassen<\/li>\n<li>Entz\u00fcndungen der Prostata<\/li>\n<li>Problemen mit der Blasen- und Harnwegsgesundheit<\/li>\n<li>Prostataproblemen und deren Pr\u00e4vention<\/li>\n<\/ul>\n<h2>Dosierung und Anwendungshinweise<\/h2>\n<p>Die empfohlene Dosierung f\u00fcr Erwachsene betr\u00e4gt:<\/p>\n<ul>\n<li>1 Kapsel zweimal t\u00e4glich<\/li>\n<li>Einnahme w\u00e4hrend der Mahlzeiten<\/li>\n<li>Die Dauer des Kurses sollte bis zu 2 Monate betragen<\/li>\n<li>Eine Wiederholung des Einnahmekurses ist nach Bedarf m\u00f6glich<\/li>\n<\/ul>\n<h2>Dauer der Anwendung?<\/h2>\n<p>Die Anwendung von Weiprost sollte bis zu 2 Monate dauern. Bei Bedarf kann der Kurs nach einer Pause wiederholt werden.<\/p>\n<h2>Kontraindikationen<\/h2>\n<p>Weiprost sollte nicht von Personen eingenommen werden, die auf einen der Inhaltsstoffe allergisch reagieren.<\/p>\n<h2>Nebenwirkungen<\/h2>\n<p>Weiprost verursacht keine bekannten sch\u00e4dlichen Nebenwirkungen, wenn es gem\u00e4\u00df der Dosierungsempfehlung eingenommen wird.<\/p>\n<h2>Wo k\u00f6nnen Sie Weiprost kaufen?<\/h2>\n<p>Weiprost kann nur auf der offiziellen Website des Herstellers gekauft werden und ist nicht in Apotheken oder g\u00e4ngigen Online-Shops wie Amazon oder Ebay erh\u00e4ltlich.<\/p>\n<div class=\"su-button-center\"><a href=\"https:\/\/www.lk-b.de\/gesundheit\/weiprost-de\" class=\"su-button su-button-style-3d\" style=\"color:#FFFFFF;background-color:#0067ff;border-color:#0053cc;border-radius:10px\" target=\"_self\"><span style=\"color:#FFFFFF;padding:0px 34px;font-size:25px;line-height:50px;border-color:#4d95ff;border-radius:10px;text-shadow:none\"> <strong>Weiprost F\u00f6rderung -50%<\/strong><\/span><\/a><\/div>\n<p>&nbsp;<\/p>\n<h2>Wie viel kostet das Weiprost &#8211; Preis<\/h2>\n<p>Der Preis f\u00fcr Weiprost betr\u00e4gt 49 \u20ac, was eine attraktive Rabattaktion im Vergleich zum urspr\u00fcnglichen Preis von 98 \u20ac darstellt. Es wird empfohlen, das Produkt \u00fcber die offizielle Website zu kaufen, um sicherzustellen, dass man das echte Produkt zu einem besten Preis erh\u00e4lt.<\/p>\n","protected":false},"excerpt":{"rendered":"<p>Weiprost ist ein speziell entwickeltes Nahrungserg\u00e4nzungsmittel zur Unterst\u00fctzung der Prostatagesundheit. Es enth\u00e4lt eine sorgf\u00e4ltige Kombination aus nat\u00fcrlichen Inhaltsstoffen, die gemeinsam [&hellip;]<\/p>\n","protected":false},"featured_media":388,"comment_status":"open","ping_status":"closed","template":"","meta":{"site-sidebar-layout":"default","site-content-layout":"","ast-site-content-layout":"default","site-content-style":"default","site-sidebar-style":"default","ast-global-header-display":"","ast-banner-title-visibility":"","ast-main-header-display":"","ast-hfb-above-header-display":"","ast-hfb-below-header-display":"","ast-hfb-mobile-header-display":"","site-post-title":"","ast-breadcrumbs-content":"","ast-featured-img":"","footer-sml-layout":"","ast-disable-related-posts":"","theme-transparent-header-meta":"default","adv-header-id-meta":"","stick-header-meta":"default","header-above-stick-meta":"","header-main-stick-meta":"","header-below-stick-meta":"","astra-migrate-meta-layouts":"set","ast-page-background-enabled":"default","ast-page-background-meta":{"desktop":{"background-color":"var(--ast-global-color-4)","background-image":"","background-repeat":"repeat","background-position":"center center","background-size":"auto","background-attachment":"scroll","background-type":"","background-media":"","overlay-type":"","overlay-color":"","overlay-opacity":"","overlay-gradient":""},"tablet":{"background-color":"","background-image":"","background-repeat":"repeat","background-position":"center center","background-size":"auto","background-attachment":"scroll","background-type":"","background-media":"","overlay-type":"","overlay-color":"","overlay-opacity":"","overlay-gradient":""},"mobile":{"background-color":"","background-image":"","background-repeat":"repeat","background-position":"center center","background-size":"auto","background-attachment":"scroll","background-type":"","background-media":"","overlay-type":"","overlay-color":"","overlay-opacity":"","overlay-gradient":""}},"ast-content-background-meta":{"desktop":{"background-color":"var(--ast-global-color-5)","background-image":"","background-repeat":"repeat","background-position":"center center","background-size":"auto","background-attachment":"scroll","background-type":"","background-media":"","overlay-type":"","overlay-color":"","overlay-opacity":"","overlay-gradient":""},"tablet":{"background-color":"var(--ast-global-color-5)","background-image":"","background-repeat":"repeat","background-position":"center center","background-size":"auto","background-attachment":"scroll","background-type":"","background-media":"","overlay-type":"","overlay-color":"","overlay-opacity":"","overlay-gradient":""},"mobile":{"background-color":"var(--ast-global-color-5)","background-image":"","background-repeat":"repeat","background-position":"center center","background-size":"auto","background-attachment":"scroll","background-type":"","background-media":"","overlay-type":"","overlay-color":"","overlay-opacity":"","overlay-gradient":""}}},"product_brand":[],"product_cat":[17],"product_tag":[],"class_list":{"0":"post-378","1":"product","2":"type-product","3":"status-publish","4":"has-post-thumbnail","6":"product_cat-erwachsenen-probleme","7":"desktop-align-left","8":"tablet-align-left","9":"mobile-align-left","10":"ast-product-gallery-layout-first-image-large","11":"ast-product-gallery-with-no-image","12":"ast-product-tabs-layout-vertical","14":"first","15":"instock","16":"sale","17":"shipping-taxable","18":"product-type-external"},"yoast_head":"<!-- This site is optimized with the Yoast SEO plugin v27.4 - https:\/\/yoast.com\/product\/yoast-seo-wordpress\/ -->\n<title>Weiprost - Erfahrungen und Bewertungen<\/title>\n<meta name=\"robots\" content=\"index, follow, max-snippet:-1, max-image-preview:large, max-video-preview:-1\" \/>\n<link rel=\"canonical\" href=\"https:\/\/www.lk-b.de\/gesundheit\/weiprost\/\" \/>\n<meta property=\"og:locale\" content=\"de_DE\" \/>\n<meta property=\"og:type\" content=\"article\" \/>\n<meta property=\"og:title\" content=\"Weiprost - Erfahrungen und Bewertungen\" \/>\n<meta property=\"og:description\" content=\"Weiprost ist ein speziell entwickeltes Nahrungserg\u00e4nzungsmittel zur Unterst\u00fctzung der Prostatagesundheit. Es enth\u00e4lt eine sorgf\u00e4ltige Kombination aus nat\u00fcrlichen Inhaltsstoffen, die gemeinsam [&hellip;]\" \/>\n<meta property=\"og:url\" content=\"https:\/\/www.lk-b.de\/gesundheit\/weiprost\/\" \/>\n<meta property=\"og:site_name\" content=\"Lungenklinik Ballenstedt\" \/>\n<meta property=\"article:modified_time\" content=\"2025-01-23T13:10:42+00:00\" \/>\n<meta property=\"og:image\" content=\"https:\/\/www.lk-b.de\/gesundheit\/wp-content\/uploads\/2024\/12\/Weiprost.png\" \/>\n\t<meta property=\"og:image:width\" content=\"400\" \/>\n\t<meta property=\"og:image:height\" content=\"400\" \/>\n\t<meta property=\"og:image:type\" content=\"image\/png\" \/>\n<meta name=\"twitter:card\" content=\"summary_large_image\" \/>\n<meta name=\"twitter:label1\" content=\"Gesch\u00e4tzte Lesezeit\" \/>\n\t<meta name=\"twitter:data1\" content=\"4\u00a0Minuten\" \/>\n<script type=\"application\/ld+json\" class=\"yoast-schema-graph\">{\"@context\":\"https:\\\/\\\/schema.org\",\"@graph\":[{\"@type\":[\"WebPage\",\"ItemPage\"],\"@id\":\"https:\\\/\\\/www.lk-b.de\\\/gesundheit\\\/weiprost\\\/\",\"url\":\"https:\\\/\\\/www.lk-b.de\\\/gesundheit\\\/weiprost\\\/\",\"name\":\"Weiprost - Erfahrungen und Bewertungen\",\"isPartOf\":{\"@id\":\"https:\\\/\\\/www.lk-b.de\\\/gesundheit\\\/#website\"},\"primaryImageOfPage\":{\"@id\":\"https:\\\/\\\/www.lk-b.de\\\/gesundheit\\\/weiprost\\\/#primaryimage\"},\"image\":{\"@id\":\"https:\\\/\\\/www.lk-b.de\\\/gesundheit\\\/weiprost\\\/#primaryimage\"},\"thumbnailUrl\":\"https:\\\/\\\/www.lk-b.de\\\/gesundheit\\\/wp-content\\\/uploads\\\/2024\\\/12\\\/Weiprost.png\",\"datePublished\":\"2024-12-17T08:54:41+00:00\",\"dateModified\":\"2025-01-23T13:10:42+00:00\",\"breadcrumb\":{\"@id\":\"https:\\\/\\\/www.lk-b.de\\\/gesundheit\\\/weiprost\\\/#breadcrumb\"},\"inLanguage\":\"de\",\"potentialAction\":[{\"@type\":\"ReadAction\",\"target\":[\"https:\\\/\\\/www.lk-b.de\\\/gesundheit\\\/weiprost\\\/\"]}]},{\"@type\":\"ImageObject\",\"inLanguage\":\"de\",\"@id\":\"https:\\\/\\\/www.lk-b.de\\\/gesundheit\\\/weiprost\\\/#primaryimage\",\"url\":\"https:\\\/\\\/www.lk-b.de\\\/gesundheit\\\/wp-content\\\/uploads\\\/2024\\\/12\\\/Weiprost.png\",\"contentUrl\":\"https:\\\/\\\/www.lk-b.de\\\/gesundheit\\\/wp-content\\\/uploads\\\/2024\\\/12\\\/Weiprost.png\",\"width\":400,\"height\":400,\"caption\":\"Weiprost\"},{\"@type\":\"BreadcrumbList\",\"@id\":\"https:\\\/\\\/www.lk-b.de\\\/gesundheit\\\/weiprost\\\/#breadcrumb\",\"itemListElement\":[{\"@type\":\"ListItem\",\"position\":1,\"name\":\"Startseite\",\"item\":\"https:\\\/\\\/www.lk-b.de\\\/gesundheit\\\/\"},{\"@type\":\"ListItem\",\"position\":2,\"name\":\"Gesundheit\",\"item\":\"https:\\\/\\\/www.lk-b.de\\\/gesundheit\\\/\"},{\"@type\":\"ListItem\",\"position\":3,\"name\":\"Weiprost\"}]},{\"@type\":\"WebSite\",\"@id\":\"https:\\\/\\\/www.lk-b.de\\\/gesundheit\\\/#website\",\"url\":\"https:\\\/\\\/www.lk-b.de\\\/gesundheit\\\/\",\"name\":\"Lungenklinik Ballenstedt\",\"description\":\"\",\"publisher\":{\"@id\":\"https:\\\/\\\/www.lk-b.de\\\/gesundheit\\\/#organization\"},\"potentialAction\":[{\"@type\":\"SearchAction\",\"target\":{\"@type\":\"EntryPoint\",\"urlTemplate\":\"https:\\\/\\\/www.lk-b.de\\\/gesundheit\\\/?s={search_term_string}\"},\"query-input\":{\"@type\":\"PropertyValueSpecification\",\"valueRequired\":true,\"valueName\":\"search_term_string\"}}],\"inLanguage\":\"de\"},{\"@type\":\"Organization\",\"@id\":\"https:\\\/\\\/www.lk-b.de\\\/gesundheit\\\/#organization\",\"name\":\"Lungenklinik Ballenstedt\",\"url\":\"https:\\\/\\\/www.lk-b.de\\\/gesundheit\\\/\",\"logo\":{\"@type\":\"ImageObject\",\"inLanguage\":\"de\",\"@id\":\"https:\\\/\\\/www.lk-b.de\\\/gesundheit\\\/#\\\/schema\\\/logo\\\/image\\\/\",\"url\":\"https:\\\/\\\/www.lk-b.de\\\/gesundheit\\\/wp-content\\\/uploads\\\/2024\\\/11\\\/logo.jpg\",\"contentUrl\":\"https:\\\/\\\/www.lk-b.de\\\/gesundheit\\\/wp-content\\\/uploads\\\/2024\\\/11\\\/logo.jpg\",\"width\":1170,\"height\":1171,\"caption\":\"Lungenklinik Ballenstedt\"},\"image\":{\"@id\":\"https:\\\/\\\/www.lk-b.de\\\/gesundheit\\\/#\\\/schema\\\/logo\\\/image\\\/\"}}]}<\/script>\n<!-- \/ Yoast SEO plugin. -->","yoast_head_json":{"title":"Weiprost - Erfahrungen und Bewertungen","robots":{"index":"index","follow":"follow","max-snippet":"max-snippet:-1","max-image-preview":"max-image-preview:large","max-video-preview":"max-video-preview:-1"},"canonical":"https:\/\/www.lk-b.de\/gesundheit\/weiprost\/","og_locale":"de_DE","og_type":"article","og_title":"Weiprost - Erfahrungen und Bewertungen","og_description":"Weiprost ist ein speziell entwickeltes Nahrungserg\u00e4nzungsmittel zur Unterst\u00fctzung der Prostatagesundheit. Es enth\u00e4lt eine sorgf\u00e4ltige Kombination aus nat\u00fcrlichen Inhaltsstoffen, die gemeinsam [&hellip;]","og_url":"https:\/\/www.lk-b.de\/gesundheit\/weiprost\/","og_site_name":"Lungenklinik Ballenstedt","article_modified_time":"2025-01-23T13:10:42+00:00","og_image":[{"width":400,"height":400,"url":"https:\/\/www.lk-b.de\/gesundheit\/wp-content\/uploads\/2024\/12\/Weiprost.png","type":"image\/png"}],"twitter_card":"summary_large_image","twitter_misc":{"Gesch\u00e4tzte Lesezeit":"4\u00a0Minuten"},"schema":{"@context":"https:\/\/schema.org","@graph":[{"@type":["WebPage","ItemPage"],"@id":"https:\/\/www.lk-b.de\/gesundheit\/weiprost\/","url":"https:\/\/www.lk-b.de\/gesundheit\/weiprost\/","name":"Weiprost - Erfahrungen und Bewertungen","isPartOf":{"@id":"https:\/\/www.lk-b.de\/gesundheit\/#website"},"primaryImageOfPage":{"@id":"https:\/\/www.lk-b.de\/gesundheit\/weiprost\/#primaryimage"},"image":{"@id":"https:\/\/www.lk-b.de\/gesundheit\/weiprost\/#primaryimage"},"thumbnailUrl":"https:\/\/www.lk-b.de\/gesundheit\/wp-content\/uploads\/2024\/12\/Weiprost.png","datePublished":"2024-12-17T08:54:41+00:00","dateModified":"2025-01-23T13:10:42+00:00","breadcrumb":{"@id":"https:\/\/www.lk-b.de\/gesundheit\/weiprost\/#breadcrumb"},"inLanguage":"de","potentialAction":[{"@type":"ReadAction","target":["https:\/\/www.lk-b.de\/gesundheit\/weiprost\/"]}]},{"@type":"ImageObject","inLanguage":"de","@id":"https:\/\/www.lk-b.de\/gesundheit\/weiprost\/#primaryimage","url":"https:\/\/www.lk-b.de\/gesundheit\/wp-content\/uploads\/2024\/12\/Weiprost.png","contentUrl":"https:\/\/www.lk-b.de\/gesundheit\/wp-content\/uploads\/2024\/12\/Weiprost.png","width":400,"height":400,"caption":"Weiprost"},{"@type":"BreadcrumbList","@id":"https:\/\/www.lk-b.de\/gesundheit\/weiprost\/#breadcrumb","itemListElement":[{"@type":"ListItem","position":1,"name":"Startseite","item":"https:\/\/www.lk-b.de\/gesundheit\/"},{"@type":"ListItem","position":2,"name":"Gesundheit","item":"https:\/\/www.lk-b.de\/gesundheit\/"},{"@type":"ListItem","position":3,"name":"Weiprost"}]},{"@type":"WebSite","@id":"https:\/\/www.lk-b.de\/gesundheit\/#website","url":"https:\/\/www.lk-b.de\/gesundheit\/","name":"Lungenklinik Ballenstedt","description":"","publisher":{"@id":"https:\/\/www.lk-b.de\/gesundheit\/#organization"},"potentialAction":[{"@type":"SearchAction","target":{"@type":"EntryPoint","urlTemplate":"https:\/\/www.lk-b.de\/gesundheit\/?s={search_term_string}"},"query-input":{"@type":"PropertyValueSpecification","valueRequired":true,"valueName":"search_term_string"}}],"inLanguage":"de"},{"@type":"Organization","@id":"https:\/\/www.lk-b.de\/gesundheit\/#organization","name":"Lungenklinik Ballenstedt","url":"https:\/\/www.lk-b.de\/gesundheit\/","logo":{"@type":"ImageObject","inLanguage":"de","@id":"https:\/\/www.lk-b.de\/gesundheit\/#\/schema\/logo\/image\/","url":"https:\/\/www.lk-b.de\/gesundheit\/wp-content\/uploads\/2024\/11\/logo.jpg","contentUrl":"https:\/\/www.lk-b.de\/gesundheit\/wp-content\/uploads\/2024\/11\/logo.jpg","width":1170,"height":1171,"caption":"Lungenklinik Ballenstedt"},"image":{"@id":"https:\/\/www.lk-b.de\/gesundheit\/#\/schema\/logo\/image\/"}}]}},"_links":{"self":[{"href":"https:\/\/www.lk-b.de\/gesundheit\/wp-json\/wp\/v2\/product\/378","targetHints":{"allow":["GET"]}}],"collection":[{"href":"https:\/\/www.lk-b.de\/gesundheit\/wp-json\/wp\/v2\/product"}],"about":[{"href":"https:\/\/www.lk-b.de\/gesundheit\/wp-json\/wp\/v2\/types\/product"}],"replies":[{"embeddable":true,"href":"https:\/\/www.lk-b.de\/gesundheit\/wp-json\/wp\/v2\/comments?post=378"}],"wp:featuredmedia":[{"embeddable":true,"href":"https:\/\/www.lk-b.de\/gesundheit\/wp-json\/wp\/v2\/media\/388"}],"wp:attachment":[{"href":"https:\/\/www.lk-b.de\/gesundheit\/wp-json\/wp\/v2\/media?parent=378"}],"wp:term":[{"taxonomy":"product_brand","embeddable":true,"href":"https:\/\/www.lk-b.de\/gesundheit\/wp-json\/wp\/v2\/product_brand?post=378"},{"taxonomy":"product_cat","embeddable":true,"href":"https:\/\/www.lk-b.de\/gesundheit\/wp-json\/wp\/v2\/product_cat?post=378"},{"taxonomy":"product_tag","embeddable":true,"href":"https:\/\/www.lk-b.de\/gesundheit\/wp-json\/wp\/v2\/product_tag?post=378"}],"curies":[{"name":"wp","href":"https:\/\/api.w.org\/{rel}","templated":true}]}}