{"id":309,"date":"2024-12-11T05:54:10","date_gmt":"2024-12-11T05:54:10","guid":{"rendered":"https:\/\/www.lk-b.de\/gesundheit\/?post_type=product&#038;p=309"},"modified":"2024-12-11T05:54:11","modified_gmt":"2024-12-11T05:54:11","slug":"symbioslim-5000","status":"publish","type":"product","link":"https:\/\/www.lk-b.de\/gesundheit\/symbioslim-5000\/","title":{"rendered":"SymbioSlim 5000"},"content":{"rendered":"<p>SymbioSlim 5000 ist ein hochentwickeltes Nahrungserg\u00e4nzungsmittel, das speziell entwickelt wurde, um das Verdauungssystem zu unterst\u00fctzen und den K\u00f6rper bei der Regulierung des Stoffwechsels zu f\u00f6rdern. Es wurde f\u00fcr Menschen entwickelt, die mit Verdauungsproblemen und einem Ungleichgewicht der Darmflora zu k\u00e4mpfen haben.<\/p>\n<figure class=\"wp-block-table is-style-regular\">\n<table class=\"has-fixed-layout\" style=\"height: 314px\" width=\"460\">\n<tbody>\n<tr style=\"height: 13px\">\n<td style=\"height: 13px\"><strong>Produktname<\/strong><\/td>\n<td style=\"height: 13px\">SymbioSlim 5000<\/td>\n<\/tr>\n<tr style=\"height: 14px\">\n<td style=\"height: 14px\"><strong>Meinung<\/strong><\/td>\n<td style=\"height: 14px\">\u2b50\u2b50\u2b50\u2b50\u2b50<\/td>\n<\/tr>\n<tr style=\"height: 13px\">\n<td style=\"height: 13px\"><strong>Preis<\/strong><\/td>\n<td style=\"height: 13px\">39 &euro; <del>78 &euro;<\/del><\/td>\n<\/tr>\n<tr style=\"height: 13px\">\n<td style=\"height: 13px\"><strong>Produktform<\/strong><\/td>\n<td style=\"height: 13px\">Kapseln<\/td>\n<\/tr>\n<tr style=\"height: 12.5875px\">\n<td style=\"height: 12.5875px\"><strong>Zusammensetzung<\/strong><\/td>\n<td style=\"height: 12.5875px\">Nat&uuml;rliche Inhaltsstoffe<\/td>\n<\/tr>\n<\/tbody>\n<\/table>\n<\/figure>\n<h2>Anwendungsgebiete<\/h2>\n<p>SymbioSlim 5000 ist ideal f\u00fcr die Unterst\u00fctzung bei folgenden Beschwerden:<\/p>\n<ul>\n<li>Verdauungsst\u00f6rungen wie Bl\u00e4hungen und Magenschmerzen<\/li>\n<li>Schwierigkeiten beim Stuhlgang, wie Verstopfung oder unregelm\u00e4\u00dfige Darmt\u00e4tigkeit<\/li>\n<li>Gef\u00fchl der Schwere nach dem Essen<\/li>\n<li>Ungleichgewicht der Darmflora<\/li>\n<li>Mangelndes S\u00e4ttigungsgef\u00fchl nach Mahlzeiten<\/li>\n<li>Unregelm\u00e4\u00dfige Ausscheidung von Abfallstoffen<\/li>\n<\/ul>\n<h2>SymbioSlim 5000 &#8211; Wirkungsweise<\/h2>\n<p>SymbioSlim 5000 wirkt, indem es die Darmgesundheit unterst\u00fctzt und dabei hilft, Verdauungsprobleme zu lindern. Es f\u00f6rdert das Gleichgewicht der Darmmikroben und sorgt so f\u00fcr eine bessere Verdauung und ein gesteigertes allgemeines Wohlbefinden. Das Produkt beeinflusst die biochemischen Prozesse im Darm und hilft, die nat\u00fcrliche Verdauung zu regulieren.<\/p>\n<h2>SymbioSlim 5000 &#8211; Inhaltsstoffe und Wirkstoffe<\/h2>\n<p>SymbioSlim 5000 enth\u00e4lt eine sorgf\u00e4ltige Auswahl an Mikroben, Ballaststoffen und Pflanzenextrakten, die sich synergetisch erg\u00e4nzen, um die Verdauung zu f\u00f6rdern und das S\u00e4ttigungsgef\u00fchl zu verbessern. Diese nat\u00fcrlichen Inhaltsstoffe wirken zusammen, um den K\u00f6rper zu entlasten und das allgemeine Wohlbefinden zu steigern.<\/p>\n<h2>SymbioSlim 5000 \u2013 Effekte \u2013 Auswirkungen<\/h2>\n<p>Kurzfristige Effekte: SymbioSlim 5000 liefert schnelle Ergebnisse bei der Linderung von Bl\u00e4hungen und Magenschmerzen. Viele Nutzer berichten von einer sofortigen Erleichterung und einem reduzierten Gef\u00fchl der Schwere nach den Mahlzeiten.<\/p>\n<p>Langfristige Effekte: \u00dcber einen l\u00e4ngeren Zeitraum tr\u00e4gt SymbioSlim 5000 zur Stabilisierung der Darmflora bei, was zu einer regelm\u00e4\u00dfigen Verdauung und einem verbesserten Stoffwechsel f\u00fchrt. Auch das S\u00e4ttigungsgef\u00fchl wird nach und nach optimiert, was beim Abnehmen unterst\u00fctzend wirken kann.<\/p>\n<h2>SymbioSlim 5000 &#8211; Meinungen und Bewertungen<\/h2>\n<p>Echte Nutzermeinungen best\u00e4tigen die positiven Effekte von SymbioSlim 5000. Viele berichten von einer signifikanten Verbesserung ihrer Verdauungsfunktion, insbesondere bei regelm\u00e4\u00dfiger Anwendung. Kunden sch\u00e4tzen die schnelle Wirkung und die langfristigen Vorteile f\u00fcr das allgemeine Wohlbefinden.<\/p>\n<h2>Bei welchen Beschwerden wird SymbioSlim 5000?<\/h2>\n<p>SymbioSlim 5000 ist besonders hilfreich bei:<\/p>\n<ul>\n<li>Verdauungsproblemen wie Bl\u00e4hungen und Magenschmerzen<\/li>\n<li>St\u00f6rungen der normalen Stuhlgang-Funktion (Verstopfung, unregelm\u00e4\u00dfige Darmbewegung)<\/li>\n<li>Ungleichgewicht der Darmflora<\/li>\n<li>Gef\u00fchl von Schwere nach Mahlzeiten<\/li>\n<li>Mangelndem S\u00e4ttigungsgef\u00fchl und unregelm\u00e4\u00dfiger Ausscheidung von Abfallstoffen<\/li>\n<\/ul>\n<h2>Dosierung und Anwendungshinweise<\/h2>\n<ul>\n<li>Empfohlene Dosierung: 1 bis 2 Kapseln t\u00e4glich, vorzugsweise vor den Mahlzeiten.<\/li>\n<li>Einnahme: Mit einem gro\u00dfen Glas Wasser einnehmen, um die Aufnahme zu erleichtern.<\/li>\n<\/ul>\n<h2>Dauer der Anwendung?<\/h2>\n<p>Die empfohlene Anwendungsdauer von SymbioSlim 5000 variiert je nach Bedarf. Viele Anwender berichten von ersten positiven Effekten innerhalb weniger Tage, w\u00e4hrend langfristige Effekte nach einigen Wochen sp\u00fcrbar werden.<\/p>\n<h2>Kontraindikationen<\/h2>\n<p>SymbioSlim 5000 ist f\u00fcr die meisten Menschen unbedenklich, sollte jedoch nicht von Personen eingenommen werden, die allergisch auf einen der Inhaltsstoffe reagieren. Zudem wird Schwangeren und stillenden M\u00fcttern geraten, von der Anwendung abzusehen.<\/p>\n<h2>Nebenwirkungen<\/h2>\n<p>Es wurden keine sch\u00e4dlichen Nebenwirkungen bei der Verwendung von SymbioSlim 5000 festgestellt. Bei einer \u00fcberm\u00e4\u00dfigen Einnahme k\u00f6nnen jedoch leichte Magenbeschwerden auftreten. Generell ist das Produkt sehr gut vertr\u00e4glich.<\/p>\n<h2>Wo k\u00f6nnen Sie SymbioSlim 5000 kaufen?<\/h2>\n<p>SymbioSlim 5000 kann ausschlie\u00dflich \u00fcber die offizielle Website erworben werden.<\/p>\n<h2>Wie viel kostet das SymbioSlim 5000 &#8211; Preis<\/h2>\n<p>Der Preis f\u00fcr SymbioSlim 5000 betr\u00e4gt derzeit 39\u20ac, wobei der urspr\u00fcngliche Preis 78\u20ac war. Diese Preisnachl\u00e4sse gelten nur f\u00fcr K\u00e4ufe \u00fcber die offizielle Website.<\/p>\n","protected":false},"excerpt":{"rendered":"<p>SymbioSlim 5000 ist ein hochentwickeltes Nahrungserg\u00e4nzungsmittel, das speziell entwickelt wurde, um das Verdauungssystem zu unterst\u00fctzen und den K\u00f6rper bei der [&hellip;]<\/p>\n","protected":false},"featured_media":316,"comment_status":"open","ping_status":"closed","template":"","meta":{"site-sidebar-layout":"default","site-content-layout":"","ast-site-content-layout":"default","site-content-style":"default","site-sidebar-style":"default","ast-global-header-display":"","ast-banner-title-visibility":"","ast-main-header-display":"","ast-hfb-above-header-display":"","ast-hfb-below-header-display":"","ast-hfb-mobile-header-display":"","site-post-title":"","ast-breadcrumbs-content":"","ast-featured-img":"","footer-sml-layout":"","ast-disable-related-posts":"","theme-transparent-header-meta":"default","adv-header-id-meta":"","stick-header-meta":"default","header-above-stick-meta":"","header-main-stick-meta":"","header-below-stick-meta":"","astra-migrate-meta-layouts":"set","ast-page-background-enabled":"default","ast-page-background-meta":{"desktop":{"background-color":"var(--ast-global-color-4)","background-image":"","background-repeat":"repeat","background-position":"center center","background-size":"auto","background-attachment":"scroll","background-type":"","background-media":"","overlay-type":"","overlay-color":"","overlay-opacity":"","overlay-gradient":""},"tablet":{"background-color":"","background-image":"","background-repeat":"repeat","background-position":"center center","background-size":"auto","background-attachment":"scroll","background-type":"","background-media":"","overlay-type":"","overlay-color":"","overlay-opacity":"","overlay-gradient":""},"mobile":{"background-color":"","background-image":"","background-repeat":"repeat","background-position":"center center","background-size":"auto","background-attachment":"scroll","background-type":"","background-media":"","overlay-type":"","overlay-color":"","overlay-opacity":"","overlay-gradient":""}},"ast-content-background-meta":{"desktop":{"background-color":"var(--ast-global-color-5)","background-image":"","background-repeat":"repeat","background-position":"center center","background-size":"auto","background-attachment":"scroll","background-type":"","background-media":"","overlay-type":"","overlay-color":"","overlay-opacity":"","overlay-gradient":""},"tablet":{"background-color":"var(--ast-global-color-5)","background-image":"","background-repeat":"repeat","background-position":"center center","background-size":"auto","background-attachment":"scroll","background-type":"","background-media":"","overlay-type":"","overlay-color":"","overlay-opacity":"","overlay-gradient":""},"mobile":{"background-color":"var(--ast-global-color-5)","background-image":"","background-repeat":"repeat","background-position":"center center","background-size":"auto","background-attachment":"scroll","background-type":"","background-media":"","overlay-type":"","overlay-color":"","overlay-opacity":"","overlay-gradient":""}}},"product_brand":[],"product_cat":[19],"product_tag":[],"class_list":{"0":"post-309","1":"product","2":"type-product","3":"status-publish","4":"has-post-thumbnail","6":"product_cat-gewichtsverlust","7":"desktop-align-left","8":"tablet-align-left","9":"mobile-align-left","10":"ast-product-gallery-layout-first-image-large","11":"ast-product-gallery-with-no-image","12":"ast-product-tabs-layout-vertical","14":"first","15":"instock","16":"sale","17":"shipping-taxable","18":"purchasable","19":"product-type-simple"},"yoast_head":"<!-- This site is optimized with the Yoast SEO plugin v27.4 - https:\/\/yoast.com\/product\/yoast-seo-wordpress\/ -->\n<title>SymbioSlim 5000 - Erfahrungen und Bewertungen<\/title>\n<meta name=\"robots\" content=\"index, follow, max-snippet:-1, max-image-preview:large, max-video-preview:-1\" \/>\n<link rel=\"canonical\" href=\"https:\/\/www.lk-b.de\/gesundheit\/symbioslim-5000\/\" \/>\n<meta property=\"og:locale\" content=\"de_DE\" \/>\n<meta property=\"og:type\" content=\"article\" \/>\n<meta property=\"og:title\" content=\"SymbioSlim 5000 - Erfahrungen und Bewertungen\" \/>\n<meta property=\"og:description\" content=\"SymbioSlim 5000 ist ein hochentwickeltes Nahrungserg\u00e4nzungsmittel, das speziell entwickelt wurde, um das Verdauungssystem zu unterst\u00fctzen und den K\u00f6rper bei der [&hellip;]\" \/>\n<meta property=\"og:url\" content=\"https:\/\/www.lk-b.de\/gesundheit\/symbioslim-5000\/\" \/>\n<meta property=\"og:site_name\" content=\"Lungenklinik Ballenstedt\" \/>\n<meta property=\"article:modified_time\" content=\"2024-12-11T05:54:11+00:00\" \/>\n<meta property=\"og:image\" content=\"https:\/\/www.lk-b.de\/gesundheit\/wp-content\/uploads\/2024\/12\/Symbioslim-5000.jpg\" \/>\n\t<meta property=\"og:image:width\" content=\"500\" \/>\n\t<meta property=\"og:image:height\" content=\"500\" \/>\n\t<meta property=\"og:image:type\" content=\"image\/jpeg\" \/>\n<meta name=\"twitter:card\" content=\"summary_large_image\" \/>\n<meta name=\"twitter:label1\" content=\"Gesch\u00e4tzte Lesezeit\" \/>\n\t<meta name=\"twitter:data1\" content=\"4\u00a0Minuten\" \/>\n<script type=\"application\/ld+json\" class=\"yoast-schema-graph\">{\"@context\":\"https:\\\/\\\/schema.org\",\"@graph\":[{\"@type\":[\"WebPage\",\"ItemPage\"],\"@id\":\"https:\\\/\\\/www.lk-b.de\\\/gesundheit\\\/symbioslim-5000\\\/\",\"url\":\"https:\\\/\\\/www.lk-b.de\\\/gesundheit\\\/symbioslim-5000\\\/\",\"name\":\"SymbioSlim 5000 - Erfahrungen und Bewertungen\",\"isPartOf\":{\"@id\":\"https:\\\/\\\/www.lk-b.de\\\/gesundheit\\\/#website\"},\"primaryImageOfPage\":{\"@id\":\"https:\\\/\\\/www.lk-b.de\\\/gesundheit\\\/symbioslim-5000\\\/#primaryimage\"},\"image\":{\"@id\":\"https:\\\/\\\/www.lk-b.de\\\/gesundheit\\\/symbioslim-5000\\\/#primaryimage\"},\"thumbnailUrl\":\"https:\\\/\\\/www.lk-b.de\\\/gesundheit\\\/wp-content\\\/uploads\\\/2024\\\/12\\\/Symbioslim-5000.jpg\",\"datePublished\":\"2024-12-11T05:54:10+00:00\",\"dateModified\":\"2024-12-11T05:54:11+00:00\",\"breadcrumb\":{\"@id\":\"https:\\\/\\\/www.lk-b.de\\\/gesundheit\\\/symbioslim-5000\\\/#breadcrumb\"},\"inLanguage\":\"de\",\"potentialAction\":[{\"@type\":\"ReadAction\",\"target\":[\"https:\\\/\\\/www.lk-b.de\\\/gesundheit\\\/symbioslim-5000\\\/\"]}]},{\"@type\":\"ImageObject\",\"inLanguage\":\"de\",\"@id\":\"https:\\\/\\\/www.lk-b.de\\\/gesundheit\\\/symbioslim-5000\\\/#primaryimage\",\"url\":\"https:\\\/\\\/www.lk-b.de\\\/gesundheit\\\/wp-content\\\/uploads\\\/2024\\\/12\\\/Symbioslim-5000.jpg\",\"contentUrl\":\"https:\\\/\\\/www.lk-b.de\\\/gesundheit\\\/wp-content\\\/uploads\\\/2024\\\/12\\\/Symbioslim-5000.jpg\",\"width\":500,\"height\":500,\"caption\":\"Symbioslim 5000\"},{\"@type\":\"BreadcrumbList\",\"@id\":\"https:\\\/\\\/www.lk-b.de\\\/gesundheit\\\/symbioslim-5000\\\/#breadcrumb\",\"itemListElement\":[{\"@type\":\"ListItem\",\"position\":1,\"name\":\"Startseite\",\"item\":\"https:\\\/\\\/www.lk-b.de\\\/gesundheit\\\/\"},{\"@type\":\"ListItem\",\"position\":2,\"name\":\"Gesundheit\",\"item\":\"https:\\\/\\\/www.lk-b.de\\\/gesundheit\\\/\"},{\"@type\":\"ListItem\",\"position\":3,\"name\":\"SymbioSlim 5000\"}]},{\"@type\":\"WebSite\",\"@id\":\"https:\\\/\\\/www.lk-b.de\\\/gesundheit\\\/#website\",\"url\":\"https:\\\/\\\/www.lk-b.de\\\/gesundheit\\\/\",\"name\":\"Lungenklinik Ballenstedt\",\"description\":\"\",\"publisher\":{\"@id\":\"https:\\\/\\\/www.lk-b.de\\\/gesundheit\\\/#organization\"},\"potentialAction\":[{\"@type\":\"SearchAction\",\"target\":{\"@type\":\"EntryPoint\",\"urlTemplate\":\"https:\\\/\\\/www.lk-b.de\\\/gesundheit\\\/?s={search_term_string}\"},\"query-input\":{\"@type\":\"PropertyValueSpecification\",\"valueRequired\":true,\"valueName\":\"search_term_string\"}}],\"inLanguage\":\"de\"},{\"@type\":\"Organization\",\"@id\":\"https:\\\/\\\/www.lk-b.de\\\/gesundheit\\\/#organization\",\"name\":\"Lungenklinik Ballenstedt\",\"url\":\"https:\\\/\\\/www.lk-b.de\\\/gesundheit\\\/\",\"logo\":{\"@type\":\"ImageObject\",\"inLanguage\":\"de\",\"@id\":\"https:\\\/\\\/www.lk-b.de\\\/gesundheit\\\/#\\\/schema\\\/logo\\\/image\\\/\",\"url\":\"https:\\\/\\\/www.lk-b.de\\\/gesundheit\\\/wp-content\\\/uploads\\\/2024\\\/11\\\/logo.jpg\",\"contentUrl\":\"https:\\\/\\\/www.lk-b.de\\\/gesundheit\\\/wp-content\\\/uploads\\\/2024\\\/11\\\/logo.jpg\",\"width\":1170,\"height\":1171,\"caption\":\"Lungenklinik Ballenstedt\"},\"image\":{\"@id\":\"https:\\\/\\\/www.lk-b.de\\\/gesundheit\\\/#\\\/schema\\\/logo\\\/image\\\/\"}}]}<\/script>\n<!-- \/ Yoast SEO plugin. -->","yoast_head_json":{"title":"SymbioSlim 5000 - Erfahrungen und Bewertungen","robots":{"index":"index","follow":"follow","max-snippet":"max-snippet:-1","max-image-preview":"max-image-preview:large","max-video-preview":"max-video-preview:-1"},"canonical":"https:\/\/www.lk-b.de\/gesundheit\/symbioslim-5000\/","og_locale":"de_DE","og_type":"article","og_title":"SymbioSlim 5000 - Erfahrungen und Bewertungen","og_description":"SymbioSlim 5000 ist ein hochentwickeltes Nahrungserg\u00e4nzungsmittel, das speziell entwickelt wurde, um das Verdauungssystem zu unterst\u00fctzen und den K\u00f6rper bei der [&hellip;]","og_url":"https:\/\/www.lk-b.de\/gesundheit\/symbioslim-5000\/","og_site_name":"Lungenklinik Ballenstedt","article_modified_time":"2024-12-11T05:54:11+00:00","og_image":[{"width":500,"height":500,"url":"https:\/\/www.lk-b.de\/gesundheit\/wp-content\/uploads\/2024\/12\/Symbioslim-5000.jpg","type":"image\/jpeg"}],"twitter_card":"summary_large_image","twitter_misc":{"Gesch\u00e4tzte Lesezeit":"4\u00a0Minuten"},"schema":{"@context":"https:\/\/schema.org","@graph":[{"@type":["WebPage","ItemPage"],"@id":"https:\/\/www.lk-b.de\/gesundheit\/symbioslim-5000\/","url":"https:\/\/www.lk-b.de\/gesundheit\/symbioslim-5000\/","name":"SymbioSlim 5000 - Erfahrungen und Bewertungen","isPartOf":{"@id":"https:\/\/www.lk-b.de\/gesundheit\/#website"},"primaryImageOfPage":{"@id":"https:\/\/www.lk-b.de\/gesundheit\/symbioslim-5000\/#primaryimage"},"image":{"@id":"https:\/\/www.lk-b.de\/gesundheit\/symbioslim-5000\/#primaryimage"},"thumbnailUrl":"https:\/\/www.lk-b.de\/gesundheit\/wp-content\/uploads\/2024\/12\/Symbioslim-5000.jpg","datePublished":"2024-12-11T05:54:10+00:00","dateModified":"2024-12-11T05:54:11+00:00","breadcrumb":{"@id":"https:\/\/www.lk-b.de\/gesundheit\/symbioslim-5000\/#breadcrumb"},"inLanguage":"de","potentialAction":[{"@type":"ReadAction","target":["https:\/\/www.lk-b.de\/gesundheit\/symbioslim-5000\/"]}]},{"@type":"ImageObject","inLanguage":"de","@id":"https:\/\/www.lk-b.de\/gesundheit\/symbioslim-5000\/#primaryimage","url":"https:\/\/www.lk-b.de\/gesundheit\/wp-content\/uploads\/2024\/12\/Symbioslim-5000.jpg","contentUrl":"https:\/\/www.lk-b.de\/gesundheit\/wp-content\/uploads\/2024\/12\/Symbioslim-5000.jpg","width":500,"height":500,"caption":"Symbioslim 5000"},{"@type":"BreadcrumbList","@id":"https:\/\/www.lk-b.de\/gesundheit\/symbioslim-5000\/#breadcrumb","itemListElement":[{"@type":"ListItem","position":1,"name":"Startseite","item":"https:\/\/www.lk-b.de\/gesundheit\/"},{"@type":"ListItem","position":2,"name":"Gesundheit","item":"https:\/\/www.lk-b.de\/gesundheit\/"},{"@type":"ListItem","position":3,"name":"SymbioSlim 5000"}]},{"@type":"WebSite","@id":"https:\/\/www.lk-b.de\/gesundheit\/#website","url":"https:\/\/www.lk-b.de\/gesundheit\/","name":"Lungenklinik Ballenstedt","description":"","publisher":{"@id":"https:\/\/www.lk-b.de\/gesundheit\/#organization"},"potentialAction":[{"@type":"SearchAction","target":{"@type":"EntryPoint","urlTemplate":"https:\/\/www.lk-b.de\/gesundheit\/?s={search_term_string}"},"query-input":{"@type":"PropertyValueSpecification","valueRequired":true,"valueName":"search_term_string"}}],"inLanguage":"de"},{"@type":"Organization","@id":"https:\/\/www.lk-b.de\/gesundheit\/#organization","name":"Lungenklinik Ballenstedt","url":"https:\/\/www.lk-b.de\/gesundheit\/","logo":{"@type":"ImageObject","inLanguage":"de","@id":"https:\/\/www.lk-b.de\/gesundheit\/#\/schema\/logo\/image\/","url":"https:\/\/www.lk-b.de\/gesundheit\/wp-content\/uploads\/2024\/11\/logo.jpg","contentUrl":"https:\/\/www.lk-b.de\/gesundheit\/wp-content\/uploads\/2024\/11\/logo.jpg","width":1170,"height":1171,"caption":"Lungenklinik Ballenstedt"},"image":{"@id":"https:\/\/www.lk-b.de\/gesundheit\/#\/schema\/logo\/image\/"}}]}},"_links":{"self":[{"href":"https:\/\/www.lk-b.de\/gesundheit\/wp-json\/wp\/v2\/product\/309","targetHints":{"allow":["GET"]}}],"collection":[{"href":"https:\/\/www.lk-b.de\/gesundheit\/wp-json\/wp\/v2\/product"}],"about":[{"href":"https:\/\/www.lk-b.de\/gesundheit\/wp-json\/wp\/v2\/types\/product"}],"replies":[{"embeddable":true,"href":"https:\/\/www.lk-b.de\/gesundheit\/wp-json\/wp\/v2\/comments?post=309"}],"wp:featuredmedia":[{"embeddable":true,"href":"https:\/\/www.lk-b.de\/gesundheit\/wp-json\/wp\/v2\/media\/316"}],"wp:attachment":[{"href":"https:\/\/www.lk-b.de\/gesundheit\/wp-json\/wp\/v2\/media?parent=309"}],"wp:term":[{"taxonomy":"product_brand","embeddable":true,"href":"https:\/\/www.lk-b.de\/gesundheit\/wp-json\/wp\/v2\/product_brand?post=309"},{"taxonomy":"product_cat","embeddable":true,"href":"https:\/\/www.lk-b.de\/gesundheit\/wp-json\/wp\/v2\/product_cat?post=309"},{"taxonomy":"product_tag","embeddable":true,"href":"https:\/\/www.lk-b.de\/gesundheit\/wp-json\/wp\/v2\/product_tag?post=309"}],"curies":[{"name":"wp","href":"https:\/\/api.w.org\/{rel}","templated":true}]}}