{"id":292,"date":"2024-12-10T08:10:24","date_gmt":"2024-12-10T08:10:24","guid":{"rendered":"https:\/\/www.lk-b.de\/gesundheit\/?post_type=product&#038;p=292"},"modified":"2024-12-10T09:41:21","modified_gmt":"2024-12-10T09:41:21","slug":"slimm-gummies","status":"publish","type":"product","link":"https:\/\/www.lk-b.de\/gesundheit\/slimm-gummies\/","title":{"rendered":"Slimm Gummies"},"content":{"rendered":"<p>Slimm Gummies bieten eine einzigartige Unterst\u00fctzung f\u00fcr alle, die ihre Gewichtsabnahmeziele auf gesunde Weise unterst\u00fctzen m\u00f6chten. Diese Kaugummis wurden speziell entwickelt, um den Stoffwechsel zu f\u00f6rdern und das Hungergef\u00fchl zu reduzieren, was eine hilfreiche Erg\u00e4nzung zu einer ausgewogenen Ern\u00e4hrung und regelm\u00e4\u00dfiger Bewegung darstellt. Im Gegensatz zu vielen anderen Produkten auf dem Markt bieten Slimm Gummies eine praktische und angenehme M\u00f6glichkeit, die Di\u00e4t zu unterst\u00fctzen.<\/p>\n<figure class=\"wp-block-table is-style-regular\">\n<table class=\"has-fixed-layout\" style=\"height: 314px;\" width=\"460\">\n<tbody>\n<tr style=\"height: 13px;\">\n<td style=\"height: 13px;\"><strong>Produktname<\/strong><\/td>\n<td style=\"height: 13px;\">Slimm Gummies<\/td>\n<\/tr>\n<tr style=\"height: 14px;\">\n<td style=\"height: 14px;\"><strong>Meinung<\/strong><\/td>\n<td style=\"height: 14px;\">\u2b50\u2b50\u2b50\u2b50\u2b50<\/td>\n<\/tr>\n<tr style=\"height: 13px;\">\n<td style=\"height: 13px;\"><strong>Preis<\/strong><\/td>\n<td style=\"height: 13px;\">49,95 \u20ac <del>99,9 \u20ac<\/del><\/td>\n<\/tr>\n<tr style=\"height: 13px;\">\n<td style=\"height: 13px;\"><strong>Produktform<\/strong><\/td>\n<td style=\"height: 13px;\">Gummib\u00e4rchen<\/td>\n<\/tr>\n<tr style=\"height: 12.5875px;\">\n<td style=\"height: 12.5875px;\"><strong>Zusammensetzung<\/strong><\/td>\n<td style=\"height: 12.5875px;\">\n<ul>\n<li>Vitamin C<\/li>\n<li>Vitamin E<\/li>\n<li>Vitamin B12<\/li>\n<li>Vitamin B5 (Pantothens\u00e4ure)<\/li>\n<li>Vitamin A<\/li>\n<li>Vitamin B6<\/li>\n<li>Vitamin D3<\/li>\n<li>Vitamin B9 (Fols\u00e4ure)<\/li>\n<li>Biotin<\/li>\n<li>Iodine (Jod)<\/li>\n<li>Inositol<\/li>\n<li>Zinc (Zink)<\/li>\n<\/ul>\n<\/td>\n<\/tr>\n<\/tbody>\n<\/table>\n<\/figure>\n<h2>Anwendungsgebiete<\/h2>\n<p>Slimm Gummies sind eine ideale Erg\u00e4nzung f\u00fcr Menschen, die:<\/p>\n<ul>\n<li>Unterst\u00fctzung bei der Gewichtsreduktion suchen<\/li>\n<li>Ihren Stoffwechsel anregen m\u00f6chten<\/li>\n<li>Das Hungergef\u00fchl kontrollieren wollen<\/li>\n<li>Ihre Gesundheit langfristig durch eine gesunde Gewichtsabnahme verbessern m\u00f6chten<\/li>\n<li>Eine tempor\u00e4re Unterst\u00fctzung f\u00fcr eine gesunde Ern\u00e4hrung w\u00fcnschen<\/li>\n<\/ul>\n<h2>Slimm Gummies &#8211; Wirkungsweise<\/h2>\n<p>Slimm Gummies wirken auf verschiedene Weisen im K\u00f6rper. Ihre speziellen Inhaltsstoffe helfen, den Stoffwechsel anzuregen und das Hungergef\u00fchl zu kontrollieren. Durch die Kombination dieser beiden Effekte unterst\u00fctzen die Kaugummis eine nachhaltige Gewichtsabnahme, besonders in Kombination mit einer ausgewogenen Ern\u00e4hrung und regelm\u00e4\u00dfiger Bewegung. Die Inhaltsstoffe der Gummies tragen auch zur Verbesserung der allgemeinen Gesundheit bei, insbesondere der Haut- und Immunfunktion.<\/p>\n<h2>Slimm Gummies &#8211; Inhaltsstoffe und Wirkstoff<\/h2>\n<p>Die Slimm Gummies enthalten eine sorgf\u00e4ltige Auswahl an Vitaminen und Mineralstoffen, die auf verschiedene Gesundheitsbed\u00fcrfnisse abgestimmt sind:<\/p>\n<ul>\n<li>Vitamin C: Unterst\u00fctzt das Immunsystem und f\u00f6rdert die Hautgesundheit.<\/li>\n<li>Vitamin E: Sch\u00fctzt die Zellen vor oxidativem Stress und f\u00f6rdert die Haut- und Augengesundheit.<\/li>\n<li>Vitamin B12: Wichtig f\u00fcr die Bildung roter Blutk\u00f6rperchen und das Nervensystem.<\/li>\n<li>Vitamin B5 (Pantothens\u00e4ure): F\u00f6rdert den Energiestoffwechsel und die Fetts\u00e4uresynthese.<\/li>\n<li>Vitamin A: Unterst\u00fctzt die Augen- und Hautgesundheit.<\/li>\n<li>Vitamin B6: Beteiligt an vielen Stoffwechselprozessen und der H\u00e4moglobinbildung.<\/li>\n<li>Vitamin D3: F\u00f6rdert die Aufnahme von Kalzium und st\u00e4rkt Knochen und Immunsystem.<\/li>\n<li>Biotin: Unterst\u00fctzt die Gesundheit von Haut, Haaren und N\u00e4geln sowie den Kohlenhydrat- und Fettstoffwechsel.<\/li>\n<li>Iodine (Jod): Wichtig f\u00fcr die Schilddr\u00fcsenfunktion.<\/li>\n<li>Inositol: Unterst\u00fctzt den Stoffwechsel und die Signal\u00fcbertragung im Gehirn.<\/li>\n<li>Zinc (Zink): F\u00f6rdert das Immunsystem und die Wundheilung.<\/li>\n<\/ul>\n<h2>Slimm Gummies \u2013 Effekte \u2013 Auswirkungen<\/h2>\n<p>Die regelm\u00e4\u00dfige Einnahme von Slimm Gummies kann folgende positive Effekte auf den K\u00f6rper haben:<\/p>\n<ul>\n<li>Unterst\u00fctzung bei der Gewichtsabnahme durch die F\u00f6rderung des Stoffwechsels<\/li>\n<li>Verminderte Appetitgef\u00fchle, die beim \u00dcberessen helfen k\u00f6nnen<\/li>\n<li>Verbesserte Hautgesundheit durch die enthaltenen Antioxidantien<\/li>\n<li>St\u00e4rkung des Immunsystems durch eine hohe Dosis an Vitaminen<\/li>\n<li>Erh\u00f6hte Energie und Vitalit\u00e4t, was zu einer insgesamt besseren Lebensqualit\u00e4t f\u00fchrt<\/li>\n<\/ul>\n<h2>Slimm Gummies &#8211; Meinungen und Bewertungen<\/h2>\n<p>Viele Nutzer berichten von positiven Erfahrungen mit Slimm Gummies. Die Kombination aus praktischen Kaugummis und den Vorteilen der Inhaltsstoffe wird gesch\u00e4tzt. Ein Nutzer schreibt: &#8222;Slimm Gummies haben mir geholfen, meinen Appetit zu kontrollieren, und ich f\u00fchle mich insgesamt energiegeladener.&#8220; Ein anderer f\u00fcgt hinzu: &#8222;Ich kann es nur empfehlen, weil sie einfach in den Alltag zu integrieren sind und bei der Gewichtsreduktion unterst\u00fctzen.&#8220;<\/p>\n<h2>Bei welchen Beschwerden werden Slimm Gummies?<\/h2>\n<p>Slimm Gummies sind besonders geeignet f\u00fcr:<\/p>\n<ul>\n<li>Personen, die ihren Stoffwechsel anregen m\u00f6chten<\/li>\n<li>Menschen, die ihr Hungergef\u00fchl in den Griff bekommen m\u00f6chten<\/li>\n<li>Menschen, die eine gesunde und unterst\u00fctzende Erg\u00e4nzung f\u00fcr ihre Gewichtsabnahme suchen<\/li>\n<li>Personen, die sich eine verbesserte Energie und Vitalit\u00e4t w\u00fcnschen<\/li>\n<\/ul>\n<h2>Dosierung und Anwendungshinweise<\/h2>\n<p>Slimm Gummies sollten regelm\u00e4\u00dfig eingenommen werden, um die besten Ergebnisse zu erzielen:<\/p>\n<ul>\n<li>Empfohlene Dosierung: 1-2 Gummies pro Tag vor den Mahlzeiten<\/li>\n<\/ul>\n<p>Die Kaugummis k\u00f6nnen als Teil einer gesunden Ern\u00e4hrung und in Kombination mit Bewegung eingenommen werden<\/p>\n<h2>Dauer der Anwendung?<\/h2>\n<p>Die Dauer der Anwendung von Slimm Gummies kann variieren, sollte jedoch nicht langfristig ohne Begleitung durch gesunde Ern\u00e4hrungsgewohnheiten und Bewegung fortgef\u00fchrt werden. Slimm Gummies sind eine tempor\u00e4re Unterst\u00fctzung auf dem Weg zu einer nachhaltigeren Gewichtsabnahme.<\/p>\n<h2>Kontraindikationen<\/h2>\n<p>Slimm Gummies sollten nicht eingenommen werden, wenn Sie eine bekannte Allergie gegen einen der Inhaltsstoffe haben. F\u00fcr schwangere oder stillende Frauen gibt es keine spezifischen Hinweise, jedoch ist Vorsicht geboten, falls Allergien bestehen.<\/p>\n<h2>Nebenwirkungen<\/h2>\n<p>Slimm Gummies haben keine bekannten sch\u00e4dlichen Nebenwirkungen. Dennoch sollten Sie die Inhaltsstoffe pr\u00fcfen, um m\u00f6gliche Unvertr\u00e4glichkeiten zu vermeiden.<\/p>\n<h2>Wo k\u00f6nnen Sie Slimm Gummies kaufen?<\/h2>\n<p>Slimm Gummies k\u00f6nnen ausschlie\u00dflich \u00fcber die offizielle Website des Herstellers gekauft werden und sind nicht in Apotheken oder gro\u00dfen Online-Shops wie Ebay erh\u00e4ltlich.<\/p>\n<h2>Wie viel kostet das Slimm Gummies &#8211; Preis<\/h2>\n<p>Der Preis f\u00fcr Slimm Gummies liegt bei 49,95 \u20ac (statt urspr\u00fcnglich 99,90 \u20ac), was einen erheblichen Rabatt gegen\u00fcber dem urspr\u00fcnglichen Preis darstellt. Es wird empfohlen, die Gummies \u00fcber die offizielle Website zu kaufen, um sicherzustellen, dass Sie das Produkt zu diesem Preis erhalten und von m\u00f6glichen weiteren Rabattaktionen profitieren.<\/p>\n","protected":false},"excerpt":{"rendered":"<p>Slimm Gummies bieten eine einzigartige Unterst\u00fctzung f\u00fcr alle, die ihre Gewichtsabnahmeziele auf gesunde Weise unterst\u00fctzen m\u00f6chten. Diese Kaugummis wurden speziell [&hellip;]<\/p>\n","protected":false},"featured_media":303,"comment_status":"open","ping_status":"closed","template":"","meta":{"site-sidebar-layout":"default","site-content-layout":"","ast-site-content-layout":"default","site-content-style":"default","site-sidebar-style":"default","ast-global-header-display":"","ast-banner-title-visibility":"","ast-main-header-display":"","ast-hfb-above-header-display":"","ast-hfb-below-header-display":"","ast-hfb-mobile-header-display":"","site-post-title":"","ast-breadcrumbs-content":"","ast-featured-img":"","footer-sml-layout":"","ast-disable-related-posts":"","theme-transparent-header-meta":"default","adv-header-id-meta":"","stick-header-meta":"default","header-above-stick-meta":"","header-main-stick-meta":"","header-below-stick-meta":"","astra-migrate-meta-layouts":"set","ast-page-background-enabled":"default","ast-page-background-meta":{"desktop":{"background-color":"var(--ast-global-color-4)","background-image":"","background-repeat":"repeat","background-position":"center center","background-size":"auto","background-attachment":"scroll","background-type":"","background-media":"","overlay-type":"","overlay-color":"","overlay-opacity":"","overlay-gradient":""},"tablet":{"background-color":"","background-image":"","background-repeat":"repeat","background-position":"center center","background-size":"auto","background-attachment":"scroll","background-type":"","background-media":"","overlay-type":"","overlay-color":"","overlay-opacity":"","overlay-gradient":""},"mobile":{"background-color":"","background-image":"","background-repeat":"repeat","background-position":"center center","background-size":"auto","background-attachment":"scroll","background-type":"","background-media":"","overlay-type":"","overlay-color":"","overlay-opacity":"","overlay-gradient":""}},"ast-content-background-meta":{"desktop":{"background-color":"var(--ast-global-color-5)","background-image":"","background-repeat":"repeat","background-position":"center center","background-size":"auto","background-attachment":"scroll","background-type":"","background-media":"","overlay-type":"","overlay-color":"","overlay-opacity":"","overlay-gradient":""},"tablet":{"background-color":"var(--ast-global-color-5)","background-image":"","background-repeat":"repeat","background-position":"center center","background-size":"auto","background-attachment":"scroll","background-type":"","background-media":"","overlay-type":"","overlay-color":"","overlay-opacity":"","overlay-gradient":""},"mobile":{"background-color":"var(--ast-global-color-5)","background-image":"","background-repeat":"repeat","background-position":"center center","background-size":"auto","background-attachment":"scroll","background-type":"","background-media":"","overlay-type":"","overlay-color":"","overlay-opacity":"","overlay-gradient":""}}},"product_brand":[],"product_cat":[19],"product_tag":[],"class_list":{"0":"post-292","1":"product","2":"type-product","3":"status-publish","4":"has-post-thumbnail","6":"product_cat-gewichtsverlust","7":"desktop-align-left","8":"tablet-align-left","9":"mobile-align-left","10":"ast-product-gallery-layout-first-image-large","11":"ast-product-gallery-with-no-image","12":"ast-product-tabs-layout-vertical","14":"first","15":"instock","16":"sale","17":"shipping-taxable","18":"purchasable","19":"product-type-simple"},"yoast_head":"<!-- This site is optimized with the Yoast SEO plugin v27.4 - https:\/\/yoast.com\/product\/yoast-seo-wordpress\/ -->\n<title>Slimm Gummies - Erfahrungen und Bewertungen<\/title>\n<meta name=\"robots\" content=\"index, follow, max-snippet:-1, max-image-preview:large, max-video-preview:-1\" \/>\n<link rel=\"canonical\" href=\"https:\/\/www.lk-b.de\/gesundheit\/slimm-gummies\/\" \/>\n<meta property=\"og:locale\" content=\"de_DE\" \/>\n<meta property=\"og:type\" content=\"article\" \/>\n<meta property=\"og:title\" content=\"Slimm Gummies - Erfahrungen und Bewertungen\" \/>\n<meta property=\"og:description\" content=\"Slimm Gummies bieten eine einzigartige Unterst\u00fctzung f\u00fcr alle, die ihre Gewichtsabnahmeziele auf gesunde Weise unterst\u00fctzen m\u00f6chten. Diese Kaugummis wurden speziell [&hellip;]\" \/>\n<meta property=\"og:url\" content=\"https:\/\/www.lk-b.de\/gesundheit\/slimm-gummies\/\" \/>\n<meta property=\"og:site_name\" content=\"Lungenklinik Ballenstedt\" \/>\n<meta property=\"article:modified_time\" content=\"2024-12-10T09:41:21+00:00\" \/>\n<meta property=\"og:image\" content=\"https:\/\/www.lk-b.de\/gesundheit\/wp-content\/uploads\/2024\/12\/Slimm-Gummies.webp\" \/>\n\t<meta property=\"og:image:width\" content=\"570\" \/>\n\t<meta property=\"og:image:height\" content=\"628\" \/>\n\t<meta property=\"og:image:type\" content=\"image\/webp\" \/>\n<meta name=\"twitter:card\" content=\"summary_large_image\" \/>\n<meta name=\"twitter:label1\" content=\"Gesch\u00e4tzte Lesezeit\" \/>\n\t<meta name=\"twitter:data1\" content=\"5\u00a0Minuten\" \/>\n<script type=\"application\/ld+json\" class=\"yoast-schema-graph\">{\"@context\":\"https:\\\/\\\/schema.org\",\"@graph\":[{\"@type\":[\"WebPage\",\"ItemPage\"],\"@id\":\"https:\\\/\\\/www.lk-b.de\\\/gesundheit\\\/slimm-gummies\\\/\",\"url\":\"https:\\\/\\\/www.lk-b.de\\\/gesundheit\\\/slimm-gummies\\\/\",\"name\":\"Slimm Gummies - Erfahrungen und Bewertungen\",\"isPartOf\":{\"@id\":\"https:\\\/\\\/www.lk-b.de\\\/gesundheit\\\/#website\"},\"primaryImageOfPage\":{\"@id\":\"https:\\\/\\\/www.lk-b.de\\\/gesundheit\\\/slimm-gummies\\\/#primaryimage\"},\"image\":{\"@id\":\"https:\\\/\\\/www.lk-b.de\\\/gesundheit\\\/slimm-gummies\\\/#primaryimage\"},\"thumbnailUrl\":\"https:\\\/\\\/www.lk-b.de\\\/gesundheit\\\/wp-content\\\/uploads\\\/2024\\\/12\\\/Slimm-Gummies.webp\",\"datePublished\":\"2024-12-10T08:10:24+00:00\",\"dateModified\":\"2024-12-10T09:41:21+00:00\",\"breadcrumb\":{\"@id\":\"https:\\\/\\\/www.lk-b.de\\\/gesundheit\\\/slimm-gummies\\\/#breadcrumb\"},\"inLanguage\":\"de\",\"potentialAction\":[{\"@type\":\"ReadAction\",\"target\":[\"https:\\\/\\\/www.lk-b.de\\\/gesundheit\\\/slimm-gummies\\\/\"]}]},{\"@type\":\"ImageObject\",\"inLanguage\":\"de\",\"@id\":\"https:\\\/\\\/www.lk-b.de\\\/gesundheit\\\/slimm-gummies\\\/#primaryimage\",\"url\":\"https:\\\/\\\/www.lk-b.de\\\/gesundheit\\\/wp-content\\\/uploads\\\/2024\\\/12\\\/Slimm-Gummies.webp\",\"contentUrl\":\"https:\\\/\\\/www.lk-b.de\\\/gesundheit\\\/wp-content\\\/uploads\\\/2024\\\/12\\\/Slimm-Gummies.webp\",\"width\":570,\"height\":628,\"caption\":\"Slimm Gummies\"},{\"@type\":\"BreadcrumbList\",\"@id\":\"https:\\\/\\\/www.lk-b.de\\\/gesundheit\\\/slimm-gummies\\\/#breadcrumb\",\"itemListElement\":[{\"@type\":\"ListItem\",\"position\":1,\"name\":\"Startseite\",\"item\":\"https:\\\/\\\/www.lk-b.de\\\/gesundheit\\\/\"},{\"@type\":\"ListItem\",\"position\":2,\"name\":\"Gesundheit\",\"item\":\"https:\\\/\\\/www.lk-b.de\\\/gesundheit\\\/\"},{\"@type\":\"ListItem\",\"position\":3,\"name\":\"Slimm Gummies\"}]},{\"@type\":\"WebSite\",\"@id\":\"https:\\\/\\\/www.lk-b.de\\\/gesundheit\\\/#website\",\"url\":\"https:\\\/\\\/www.lk-b.de\\\/gesundheit\\\/\",\"name\":\"Lungenklinik Ballenstedt\",\"description\":\"\",\"publisher\":{\"@id\":\"https:\\\/\\\/www.lk-b.de\\\/gesundheit\\\/#organization\"},\"potentialAction\":[{\"@type\":\"SearchAction\",\"target\":{\"@type\":\"EntryPoint\",\"urlTemplate\":\"https:\\\/\\\/www.lk-b.de\\\/gesundheit\\\/?s={search_term_string}\"},\"query-input\":{\"@type\":\"PropertyValueSpecification\",\"valueRequired\":true,\"valueName\":\"search_term_string\"}}],\"inLanguage\":\"de\"},{\"@type\":\"Organization\",\"@id\":\"https:\\\/\\\/www.lk-b.de\\\/gesundheit\\\/#organization\",\"name\":\"Lungenklinik Ballenstedt\",\"url\":\"https:\\\/\\\/www.lk-b.de\\\/gesundheit\\\/\",\"logo\":{\"@type\":\"ImageObject\",\"inLanguage\":\"de\",\"@id\":\"https:\\\/\\\/www.lk-b.de\\\/gesundheit\\\/#\\\/schema\\\/logo\\\/image\\\/\",\"url\":\"https:\\\/\\\/www.lk-b.de\\\/gesundheit\\\/wp-content\\\/uploads\\\/2024\\\/11\\\/logo.jpg\",\"contentUrl\":\"https:\\\/\\\/www.lk-b.de\\\/gesundheit\\\/wp-content\\\/uploads\\\/2024\\\/11\\\/logo.jpg\",\"width\":1170,\"height\":1171,\"caption\":\"Lungenklinik Ballenstedt\"},\"image\":{\"@id\":\"https:\\\/\\\/www.lk-b.de\\\/gesundheit\\\/#\\\/schema\\\/logo\\\/image\\\/\"}}]}<\/script>\n<!-- \/ Yoast SEO plugin. -->","yoast_head_json":{"title":"Slimm Gummies - Erfahrungen und Bewertungen","robots":{"index":"index","follow":"follow","max-snippet":"max-snippet:-1","max-image-preview":"max-image-preview:large","max-video-preview":"max-video-preview:-1"},"canonical":"https:\/\/www.lk-b.de\/gesundheit\/slimm-gummies\/","og_locale":"de_DE","og_type":"article","og_title":"Slimm Gummies - Erfahrungen und Bewertungen","og_description":"Slimm Gummies bieten eine einzigartige Unterst\u00fctzung f\u00fcr alle, die ihre Gewichtsabnahmeziele auf gesunde Weise unterst\u00fctzen m\u00f6chten. Diese Kaugummis wurden speziell [&hellip;]","og_url":"https:\/\/www.lk-b.de\/gesundheit\/slimm-gummies\/","og_site_name":"Lungenklinik Ballenstedt","article_modified_time":"2024-12-10T09:41:21+00:00","og_image":[{"width":570,"height":628,"url":"https:\/\/www.lk-b.de\/gesundheit\/wp-content\/uploads\/2024\/12\/Slimm-Gummies.webp","type":"image\/webp"}],"twitter_card":"summary_large_image","twitter_misc":{"Gesch\u00e4tzte Lesezeit":"5\u00a0Minuten"},"schema":{"@context":"https:\/\/schema.org","@graph":[{"@type":["WebPage","ItemPage"],"@id":"https:\/\/www.lk-b.de\/gesundheit\/slimm-gummies\/","url":"https:\/\/www.lk-b.de\/gesundheit\/slimm-gummies\/","name":"Slimm Gummies - Erfahrungen und Bewertungen","isPartOf":{"@id":"https:\/\/www.lk-b.de\/gesundheit\/#website"},"primaryImageOfPage":{"@id":"https:\/\/www.lk-b.de\/gesundheit\/slimm-gummies\/#primaryimage"},"image":{"@id":"https:\/\/www.lk-b.de\/gesundheit\/slimm-gummies\/#primaryimage"},"thumbnailUrl":"https:\/\/www.lk-b.de\/gesundheit\/wp-content\/uploads\/2024\/12\/Slimm-Gummies.webp","datePublished":"2024-12-10T08:10:24+00:00","dateModified":"2024-12-10T09:41:21+00:00","breadcrumb":{"@id":"https:\/\/www.lk-b.de\/gesundheit\/slimm-gummies\/#breadcrumb"},"inLanguage":"de","potentialAction":[{"@type":"ReadAction","target":["https:\/\/www.lk-b.de\/gesundheit\/slimm-gummies\/"]}]},{"@type":"ImageObject","inLanguage":"de","@id":"https:\/\/www.lk-b.de\/gesundheit\/slimm-gummies\/#primaryimage","url":"https:\/\/www.lk-b.de\/gesundheit\/wp-content\/uploads\/2024\/12\/Slimm-Gummies.webp","contentUrl":"https:\/\/www.lk-b.de\/gesundheit\/wp-content\/uploads\/2024\/12\/Slimm-Gummies.webp","width":570,"height":628,"caption":"Slimm Gummies"},{"@type":"BreadcrumbList","@id":"https:\/\/www.lk-b.de\/gesundheit\/slimm-gummies\/#breadcrumb","itemListElement":[{"@type":"ListItem","position":1,"name":"Startseite","item":"https:\/\/www.lk-b.de\/gesundheit\/"},{"@type":"ListItem","position":2,"name":"Gesundheit","item":"https:\/\/www.lk-b.de\/gesundheit\/"},{"@type":"ListItem","position":3,"name":"Slimm Gummies"}]},{"@type":"WebSite","@id":"https:\/\/www.lk-b.de\/gesundheit\/#website","url":"https:\/\/www.lk-b.de\/gesundheit\/","name":"Lungenklinik Ballenstedt","description":"","publisher":{"@id":"https:\/\/www.lk-b.de\/gesundheit\/#organization"},"potentialAction":[{"@type":"SearchAction","target":{"@type":"EntryPoint","urlTemplate":"https:\/\/www.lk-b.de\/gesundheit\/?s={search_term_string}"},"query-input":{"@type":"PropertyValueSpecification","valueRequired":true,"valueName":"search_term_string"}}],"inLanguage":"de"},{"@type":"Organization","@id":"https:\/\/www.lk-b.de\/gesundheit\/#organization","name":"Lungenklinik Ballenstedt","url":"https:\/\/www.lk-b.de\/gesundheit\/","logo":{"@type":"ImageObject","inLanguage":"de","@id":"https:\/\/www.lk-b.de\/gesundheit\/#\/schema\/logo\/image\/","url":"https:\/\/www.lk-b.de\/gesundheit\/wp-content\/uploads\/2024\/11\/logo.jpg","contentUrl":"https:\/\/www.lk-b.de\/gesundheit\/wp-content\/uploads\/2024\/11\/logo.jpg","width":1170,"height":1171,"caption":"Lungenklinik Ballenstedt"},"image":{"@id":"https:\/\/www.lk-b.de\/gesundheit\/#\/schema\/logo\/image\/"}}]}},"_links":{"self":[{"href":"https:\/\/www.lk-b.de\/gesundheit\/wp-json\/wp\/v2\/product\/292","targetHints":{"allow":["GET"]}}],"collection":[{"href":"https:\/\/www.lk-b.de\/gesundheit\/wp-json\/wp\/v2\/product"}],"about":[{"href":"https:\/\/www.lk-b.de\/gesundheit\/wp-json\/wp\/v2\/types\/product"}],"replies":[{"embeddable":true,"href":"https:\/\/www.lk-b.de\/gesundheit\/wp-json\/wp\/v2\/comments?post=292"}],"wp:featuredmedia":[{"embeddable":true,"href":"https:\/\/www.lk-b.de\/gesundheit\/wp-json\/wp\/v2\/media\/303"}],"wp:attachment":[{"href":"https:\/\/www.lk-b.de\/gesundheit\/wp-json\/wp\/v2\/media?parent=292"}],"wp:term":[{"taxonomy":"product_brand","embeddable":true,"href":"https:\/\/www.lk-b.de\/gesundheit\/wp-json\/wp\/v2\/product_brand?post=292"},{"taxonomy":"product_cat","embeddable":true,"href":"https:\/\/www.lk-b.de\/gesundheit\/wp-json\/wp\/v2\/product_cat?post=292"},{"taxonomy":"product_tag","embeddable":true,"href":"https:\/\/www.lk-b.de\/gesundheit\/wp-json\/wp\/v2\/product_tag?post=292"}],"curies":[{"name":"wp","href":"https:\/\/api.w.org\/{rel}","templated":true}]}}