{"id":231,"date":"2024-12-05T05:39:06","date_gmt":"2024-12-05T05:39:06","guid":{"rendered":"https:\/\/www.lk-b.de\/gesundheit\/?post_type=product&#038;p=231"},"modified":"2025-08-28T21:59:42","modified_gmt":"2025-08-28T21:59:42","slug":"visipure","status":"publish","type":"product","link":"https:\/\/www.lk-b.de\/gesundheit\/visipure\/","title":{"rendered":"VisiPure"},"content":{"rendered":"<p>VisiPure ist ein speziell entwickeltes Nahrungserg\u00e4nzungsmittel, das darauf abzielt, die Augengesundheit zu unterst\u00fctzen und vor altersbedingten Sehst\u00f6rungen zu sch\u00fctzen. Es ist besonders geeignet f\u00fcr Menschen, die unter Augenbelastung durch Bildschirmarbeit oder altersbedingten Ver\u00e4nderungen der Sehkraft leiden. VisiPure ist eine nat\u00fcrliche L\u00f6sung, die Ihre Augen mit wichtigen N\u00e4hrstoffen versorgt und sie vor den t\u00e4glichen Belastungen sch\u00fctzt.<\/p>\n<div class=\"su-button-center\"><a href=\"https:\/\/www.lk-b.de\/gesundheit\/visipure-de\" class=\"su-button su-button-style-3d\" style=\"color:#FFFFFF;background-color:#0067ff;border-color:#0053cc;border-radius:10px\" target=\"_self\"><span style=\"color:#FFFFFF;padding:0px 34px;font-size:25px;line-height:50px;border-color:#4d95ff;border-radius:10px;text-shadow:none\"> <strong>VisiPure F\u00f6rderung -30%<\/strong><\/span><\/a><\/div>\n<p>&nbsp;<\/p>\n<figure class=\"wp-block-table is-style-regular\">\n<table class=\"has-fixed-layout\" style=\"height: 314px;\" width=\"460\">\n<tbody>\n<tr style=\"height: 13px;\">\n<td style=\"height: 13px;\"><strong>Produktname<\/strong><\/td>\n<td style=\"height: 13px;\">VisiPure<\/td>\n<\/tr>\n<tr style=\"height: 14px;\">\n<td style=\"height: 14px;\"><strong>Meinung<\/strong><\/td>\n<td style=\"height: 14px;\">\u2b50\u2b50\u2b50\u2b50\u2b50<\/td>\n<\/tr>\n<tr style=\"height: 13px;\">\n<td style=\"height: 13px;\"><strong>Preis<\/strong><\/td>\n<td style=\"height: 13px;\">69 \u20ac<\/td>\n<\/tr>\n<tr style=\"height: 13px;\">\n<td style=\"height: 13px;\"><strong>Produktform<\/strong><\/td>\n<td style=\"height: 13px;\">Kapseln<\/td>\n<\/tr>\n<tr style=\"height: 12.5875px;\">\n<td style=\"height: 12.5875px;\"><strong>Zusammensetzung<\/strong><\/td>\n<td style=\"height: 12.5875px;\">\n<ul>\n<li>Blaubeere<\/li>\n<li>Lutein<\/li>\n<li>Zeaxanthin<\/li>\n<li>Echinacea<\/li>\n<li>Vitamin C<\/li>\n<li>Vitamin E<\/li>\n<li>Kupfer<\/li>\n<\/ul>\n<\/td>\n<\/tr>\n<\/tbody>\n<\/table>\n<\/figure>\n<h2>Anwendungsgebiete<\/h2>\n<p>VisiPure ist geeignet f\u00fcr:<\/p>\n<ul>\n<li>M\u00fcdigkeit und Unbehagen der Augen<\/li>\n<li>Trockene Augen<\/li>\n<li>Schutz vor altersbedingten Ver\u00e4nderungen der Sehf\u00e4higkeit (z. B. Makuladegeneration, Verschlechterung der Sehsch\u00e4rfe)<\/li>\n<li>Visueller Stress durch lange Bildschirmnutzung<\/li>\n<li>Empfindlichkeit gegen\u00fcber blauem Licht<\/li>\n<li>Erh\u00f6htes Risiko f\u00fcr Augenkrankheiten im Alter<\/li>\n<\/ul>\n<div class=\"su-button-center\"><a href=\"https:\/\/www.lk-b.de\/gesundheit\/visipure-de\" class=\"su-button su-button-style-3d\" style=\"color:#FFFFFF;background-color:#0067ff;border-color:#0053cc;border-radius:10px\" target=\"_self\"><span style=\"color:#FFFFFF;padding:0px 34px;font-size:25px;line-height:50px;border-color:#4d95ff;border-radius:10px;text-shadow:none\"> <strong>VisiPure F\u00f6rderung -30%<\/strong><\/span><\/a><\/div>\n<p>&nbsp;<\/p>\n<h2>VisiPure \u2013 Wirkungsweise<\/h2>\n<p>VisiPure enth\u00e4lt eine ausgewogene Kombination von nat\u00fcrlichen Inhaltsstoffen, die gezielt die Augenfunktionen unterst\u00fctzen. Es hilft, die Gesundheit der Augen zu bewahren, indem es vor den sch\u00e4dlichen Auswirkungen von Bildschirmarbeit und blauem Licht sch\u00fctzt und altersbedingte Ver\u00e4nderungen der Sehkraft verlangsamt.<\/p>\n<h2>VisiPure \u2013 Inhaltsstoffe<\/h2>\n<ul>\n<li>Blaubeere<\/li>\n<li>Lutein<\/li>\n<li>Zeaxanthin<\/li>\n<li>Echinacea<\/li>\n<li>Vitamin C<\/li>\n<li>Vitamin E<\/li>\n<li>Kupfer<\/li>\n<\/ul>\n<h2>VisiPure \u2013 Effekte<\/h2>\n<ul>\n<li>Reduziert die M\u00fcdigkeit und das Unbehagen der Augen.<\/li>\n<li>Lindert trockene Augen und beugt Irritationen vor.<\/li>\n<li>Sch\u00fctzt vor altersbedingten Ver\u00e4nderungen der Sehsch\u00e4rfe und Makuladegeneration.<\/li>\n<li>Minimiert den visuellen Stress durch langes Arbeiten am Bildschirm.<\/li>\n<li>F\u00f6rdert eine bessere Toleranz gegen\u00fcber blauem Licht.<\/li>\n<\/ul>\n<div class=\"su-button-center\"><a href=\"https:\/\/www.lk-b.de\/gesundheit\/visipure-de\" class=\"su-button su-button-style-3d\" style=\"color:#FFFFFF;background-color:#0067ff;border-color:#0053cc;border-radius:10px\" target=\"_self\"><span style=\"color:#FFFFFF;padding:0px 34px;font-size:25px;line-height:50px;border-color:#4d95ff;border-radius:10px;text-shadow:none\"> <strong>VisiPure F\u00f6rderung -30%<\/strong><\/span><\/a><\/div>\n<p>&nbsp;<\/p>\n<h2>VisiPure \u2013 Meinungen<\/h2>\n<p>Viele Nutzer berichten von einer deutlichen Verbesserung der Augenbelastung und einer sp\u00fcrbaren Linderung von trockenen Augen nach der Anwendung von VisiPure. Besonders Berufspendler und Menschen, die viel Zeit vor Bildschirmen verbringen, sch\u00e4tzen die positiven Effekte auf ihre Augen. Eine Nutzerin sagt: \u201eSeitdem ich VisiPure nehme, hat sich meine Sehsch\u00e4rfe verbessert und die st\u00e4ndige M\u00fcdigkeit meiner Augen ist fast verschwunden.\u201c<\/p>\n<h2>Einsatzgebiete<\/h2>\n<p>VisiPure ist besonders f\u00fcr Menschen geeignet, die viel Zeit vor Bildschirmen verbringen oder altersbedingt Ver\u00e4nderungen ihrer Sehkraft bemerken. Es bietet Unterst\u00fctzung bei Augenbeschwerden wie M\u00fcdigkeit, Trockenheit und Sensibilit\u00e4t gegen\u00fcber blauem Licht. Ebenso kann es vorbeugend gegen altersbedingte Sehst\u00f6rungen wie Makuladegeneration eingesetzt werden.<\/p>\n<h2>Dosierungshinweise<\/h2>\n<p>Die empfohlene Dosierung von VisiPure betr\u00e4gt zwei Kapseln pro Tag, vorzugsweise zu einer Mahlzeit. F\u00fcr optimale Ergebnisse sollte diese Dosierung \u00fcber mehrere Wochen hinweg t\u00e4glich eingehalten werden.<\/p>\n<h2>Anwendungsdauer<\/h2>\n<p>Um die besten Ergebnisse zu erzielen, sollte VisiPure \u00fcber einen l\u00e4ngeren Zeitraum eingenommen werden. Eine regelm\u00e4\u00dfige Anwendung von mehreren Wochen ist empfohlen.<\/p>\n<h2>Kontraindikationen<\/h2>\n<p>VisiPure enth\u00e4lt ausschlie\u00dflich nat\u00fcrliche Inhaltsstoffe und ist daher f\u00fcr die meisten Menschen unbedenklich. Bei bestehenden Allergien gegen eine der Zutaten (z. B. Blaubeeren oder Echinacea) sollte die Anwendung jedoch vermieden werden. Das Produkt sollte nicht w\u00e4hrend der Schwangerschaft oder Stillzeit verwendet werden.<\/p>\n<h2>Nebenwirkungen<\/h2>\n<p>Es sind keine sch\u00e4dlichen Nebenwirkungen bekannt. VisiPure ist gut vertr\u00e4glich und enth\u00e4lt nur nat\u00fcrliche Inhaltsstoffe.<\/p>\n<h2>Wo kaufen?<\/h2>\n<p>VisiPure kann nur \u00fcber die offizielle Website des Herstellers erworben werden. Es ist nicht in Apotheken oder bekannten Online-Shops wie Amazon oder Ebay erh\u00e4ltlich. Achten Sie darauf, VisiPure ausschlie\u00dflich \u00fcber die offizielle Seite zu bestellen, um sicherzustellen, dass Sie ein authentisches Produkt erhalten.<\/p>\n<div class=\"su-button-center\"><a href=\"https:\/\/www.lk-b.de\/gesundheit\/visipure-de\" class=\"su-button su-button-style-3d\" style=\"color:#FFFFFF;background-color:#0067ff;border-color:#0053cc;border-radius:10px\" target=\"_self\"><span style=\"color:#FFFFFF;padding:0px 34px;font-size:25px;line-height:50px;border-color:#4d95ff;border-radius:10px;text-shadow:none\"> <strong>VisiPure F\u00f6rderung -30%<\/strong><\/span><\/a><\/div>\n<p>&nbsp;<\/p>\n<h2>Produktpreis<\/h2>\n<p>VisiPure wird derzeit zu einem reduzierten Preis von 69 \u20ac angeboten. Nutzen Sie die Gelegenheit, dieses Produkt zu einem attraktiven Preis zu kaufen. Achten Sie darauf, dass es regelm\u00e4\u00dfig Sonderaktionen und Rabatte auf der offiziellen Website gibt, sodass Sie auch von weiteren Preisnachl\u00e4ssen profitieren k\u00f6nnen.<\/p>\n","protected":false},"excerpt":{"rendered":"<p>VisiPure ist ein speziell entwickeltes Nahrungserg\u00e4nzungsmittel, das darauf abzielt, die Augengesundheit zu unterst\u00fctzen und vor altersbedingten Sehst\u00f6rungen zu sch\u00fctzen. Es [&hellip;]<\/p>\n","protected":false},"featured_media":232,"comment_status":"open","ping_status":"closed","template":"","meta":{"site-sidebar-layout":"default","site-content-layout":"","ast-site-content-layout":"default","site-content-style":"default","site-sidebar-style":"default","ast-global-header-display":"","ast-banner-title-visibility":"","ast-main-header-display":"","ast-hfb-above-header-display":"","ast-hfb-below-header-display":"","ast-hfb-mobile-header-display":"","site-post-title":"","ast-breadcrumbs-content":"","ast-featured-img":"","footer-sml-layout":"","ast-disable-related-posts":"","theme-transparent-header-meta":"default","adv-header-id-meta":"","stick-header-meta":"default","header-above-stick-meta":"","header-main-stick-meta":"","header-below-stick-meta":"","astra-migrate-meta-layouts":"set","ast-page-background-enabled":"default","ast-page-background-meta":{"desktop":{"background-color":"var(--ast-global-color-4)","background-image":"","background-repeat":"repeat","background-position":"center center","background-size":"auto","background-attachment":"scroll","background-type":"","background-media":"","overlay-type":"","overlay-color":"","overlay-opacity":"","overlay-gradient":""},"tablet":{"background-color":"","background-image":"","background-repeat":"repeat","background-position":"center center","background-size":"auto","background-attachment":"scroll","background-type":"","background-media":"","overlay-type":"","overlay-color":"","overlay-opacity":"","overlay-gradient":""},"mobile":{"background-color":"","background-image":"","background-repeat":"repeat","background-position":"center center","background-size":"auto","background-attachment":"scroll","background-type":"","background-media":"","overlay-type":"","overlay-color":"","overlay-opacity":"","overlay-gradient":""}},"ast-content-background-meta":{"desktop":{"background-color":"var(--ast-global-color-5)","background-image":"","background-repeat":"repeat","background-position":"center center","background-size":"auto","background-attachment":"scroll","background-type":"","background-media":"","overlay-type":"","overlay-color":"","overlay-opacity":"","overlay-gradient":""},"tablet":{"background-color":"var(--ast-global-color-5)","background-image":"","background-repeat":"repeat","background-position":"center center","background-size":"auto","background-attachment":"scroll","background-type":"","background-media":"","overlay-type":"","overlay-color":"","overlay-opacity":"","overlay-gradient":""},"mobile":{"background-color":"var(--ast-global-color-5)","background-image":"","background-repeat":"repeat","background-position":"center center","background-size":"auto","background-attachment":"scroll","background-type":"","background-media":"","overlay-type":"","overlay-color":"","overlay-opacity":"","overlay-gradient":""}}},"product_brand":[],"product_cat":[18],"product_tag":[],"class_list":{"0":"post-231","1":"product","2":"type-product","3":"status-publish","4":"has-post-thumbnail","6":"product_cat-gesundheit","7":"desktop-align-left","8":"tablet-align-left","9":"mobile-align-left","10":"ast-product-gallery-layout-first-image-large","11":"ast-product-gallery-with-no-image","12":"ast-product-tabs-layout-vertical","14":"first","15":"instock","16":"shipping-taxable","17":"product-type-external"},"yoast_head":"<!-- This site is optimized with the Yoast SEO plugin v27.5 - https:\/\/yoast.com\/product\/yoast-seo-wordpress\/ -->\n<title>VisiPure - Erfahrungen und Bewertungen<\/title>\n<meta name=\"robots\" content=\"index, follow, max-snippet:-1, max-image-preview:large, max-video-preview:-1\" \/>\n<link rel=\"canonical\" href=\"https:\/\/www.lk-b.de\/gesundheit\/visipure\/\" \/>\n<meta property=\"og:locale\" content=\"de_DE\" \/>\n<meta property=\"og:type\" content=\"article\" \/>\n<meta property=\"og:title\" content=\"VisiPure - Erfahrungen und Bewertungen\" \/>\n<meta property=\"og:description\" content=\"VisiPure ist ein speziell entwickeltes Nahrungserg\u00e4nzungsmittel, das darauf abzielt, die Augengesundheit zu unterst\u00fctzen und vor altersbedingten Sehst\u00f6rungen zu sch\u00fctzen. Es [&hellip;]\" \/>\n<meta property=\"og:url\" content=\"https:\/\/www.lk-b.de\/gesundheit\/visipure\/\" \/>\n<meta property=\"og:site_name\" content=\"Lungenklinik Ballenstedt\" \/>\n<meta property=\"article:modified_time\" content=\"2025-08-28T21:59:42+00:00\" \/>\n<meta property=\"og:image\" content=\"https:\/\/www.lk-b.de\/gesundheit\/wp-content\/uploads\/2024\/12\/Visipure.jpg\" \/>\n\t<meta property=\"og:image:width\" content=\"720\" \/>\n\t<meta property=\"og:image:height\" content=\"720\" \/>\n\t<meta property=\"og:image:type\" content=\"image\/jpeg\" \/>\n<meta name=\"twitter:card\" content=\"summary_large_image\" \/>\n<meta name=\"twitter:label1\" content=\"Gesch\u00e4tzte Lesezeit\" \/>\n\t<meta name=\"twitter:data1\" content=\"4\u00a0Minuten\" \/>\n<script type=\"application\/ld+json\" class=\"yoast-schema-graph\">{\"@context\":\"https:\\\/\\\/schema.org\",\"@graph\":[{\"@type\":[\"WebPage\",\"ItemPage\"],\"@id\":\"https:\\\/\\\/www.lk-b.de\\\/gesundheit\\\/visipure\\\/\",\"url\":\"https:\\\/\\\/www.lk-b.de\\\/gesundheit\\\/visipure\\\/\",\"name\":\"VisiPure - Erfahrungen und Bewertungen\",\"isPartOf\":{\"@id\":\"https:\\\/\\\/www.lk-b.de\\\/gesundheit\\\/#website\"},\"primaryImageOfPage\":{\"@id\":\"https:\\\/\\\/www.lk-b.de\\\/gesundheit\\\/visipure\\\/#primaryimage\"},\"image\":{\"@id\":\"https:\\\/\\\/www.lk-b.de\\\/gesundheit\\\/visipure\\\/#primaryimage\"},\"thumbnailUrl\":\"https:\\\/\\\/www.lk-b.de\\\/gesundheit\\\/wp-content\\\/uploads\\\/2024\\\/12\\\/Visipure.jpg\",\"datePublished\":\"2024-12-05T05:39:06+00:00\",\"dateModified\":\"2025-08-28T21:59:42+00:00\",\"breadcrumb\":{\"@id\":\"https:\\\/\\\/www.lk-b.de\\\/gesundheit\\\/visipure\\\/#breadcrumb\"},\"inLanguage\":\"de\",\"potentialAction\":[{\"@type\":\"ReadAction\",\"target\":[\"https:\\\/\\\/www.lk-b.de\\\/gesundheit\\\/visipure\\\/\"]}]},{\"@type\":\"ImageObject\",\"inLanguage\":\"de\",\"@id\":\"https:\\\/\\\/www.lk-b.de\\\/gesundheit\\\/visipure\\\/#primaryimage\",\"url\":\"https:\\\/\\\/www.lk-b.de\\\/gesundheit\\\/wp-content\\\/uploads\\\/2024\\\/12\\\/Visipure.jpg\",\"contentUrl\":\"https:\\\/\\\/www.lk-b.de\\\/gesundheit\\\/wp-content\\\/uploads\\\/2024\\\/12\\\/Visipure.jpg\",\"width\":720,\"height\":720,\"caption\":\"Visipure\"},{\"@type\":\"BreadcrumbList\",\"@id\":\"https:\\\/\\\/www.lk-b.de\\\/gesundheit\\\/visipure\\\/#breadcrumb\",\"itemListElement\":[{\"@type\":\"ListItem\",\"position\":1,\"name\":\"Startseite\",\"item\":\"https:\\\/\\\/www.lk-b.de\\\/gesundheit\\\/\"},{\"@type\":\"ListItem\",\"position\":2,\"name\":\"Gesundheit\",\"item\":\"https:\\\/\\\/www.lk-b.de\\\/gesundheit\\\/\"},{\"@type\":\"ListItem\",\"position\":3,\"name\":\"VisiPure\"}]},{\"@type\":\"WebSite\",\"@id\":\"https:\\\/\\\/www.lk-b.de\\\/gesundheit\\\/#website\",\"url\":\"https:\\\/\\\/www.lk-b.de\\\/gesundheit\\\/\",\"name\":\"Lungenklinik Ballenstedt\",\"description\":\"\",\"publisher\":{\"@id\":\"https:\\\/\\\/www.lk-b.de\\\/gesundheit\\\/#organization\"},\"potentialAction\":[{\"@type\":\"SearchAction\",\"target\":{\"@type\":\"EntryPoint\",\"urlTemplate\":\"https:\\\/\\\/www.lk-b.de\\\/gesundheit\\\/?s={search_term_string}\"},\"query-input\":{\"@type\":\"PropertyValueSpecification\",\"valueRequired\":true,\"valueName\":\"search_term_string\"}}],\"inLanguage\":\"de\"},{\"@type\":\"Organization\",\"@id\":\"https:\\\/\\\/www.lk-b.de\\\/gesundheit\\\/#organization\",\"name\":\"Lungenklinik Ballenstedt\",\"url\":\"https:\\\/\\\/www.lk-b.de\\\/gesundheit\\\/\",\"logo\":{\"@type\":\"ImageObject\",\"inLanguage\":\"de\",\"@id\":\"https:\\\/\\\/www.lk-b.de\\\/gesundheit\\\/#\\\/schema\\\/logo\\\/image\\\/\",\"url\":\"https:\\\/\\\/www.lk-b.de\\\/gesundheit\\\/wp-content\\\/uploads\\\/2024\\\/11\\\/logo.jpg\",\"contentUrl\":\"https:\\\/\\\/www.lk-b.de\\\/gesundheit\\\/wp-content\\\/uploads\\\/2024\\\/11\\\/logo.jpg\",\"width\":1170,\"height\":1171,\"caption\":\"Lungenklinik Ballenstedt\"},\"image\":{\"@id\":\"https:\\\/\\\/www.lk-b.de\\\/gesundheit\\\/#\\\/schema\\\/logo\\\/image\\\/\"}}]}<\/script>\n<!-- \/ Yoast SEO plugin. -->","yoast_head_json":{"title":"VisiPure - Erfahrungen und Bewertungen","robots":{"index":"index","follow":"follow","max-snippet":"max-snippet:-1","max-image-preview":"max-image-preview:large","max-video-preview":"max-video-preview:-1"},"canonical":"https:\/\/www.lk-b.de\/gesundheit\/visipure\/","og_locale":"de_DE","og_type":"article","og_title":"VisiPure - Erfahrungen und Bewertungen","og_description":"VisiPure ist ein speziell entwickeltes Nahrungserg\u00e4nzungsmittel, das darauf abzielt, die Augengesundheit zu unterst\u00fctzen und vor altersbedingten Sehst\u00f6rungen zu sch\u00fctzen. Es [&hellip;]","og_url":"https:\/\/www.lk-b.de\/gesundheit\/visipure\/","og_site_name":"Lungenklinik Ballenstedt","article_modified_time":"2025-08-28T21:59:42+00:00","og_image":[{"width":720,"height":720,"url":"https:\/\/www.lk-b.de\/gesundheit\/wp-content\/uploads\/2024\/12\/Visipure.jpg","type":"image\/jpeg"}],"twitter_card":"summary_large_image","twitter_misc":{"Gesch\u00e4tzte Lesezeit":"4\u00a0Minuten"},"schema":{"@context":"https:\/\/schema.org","@graph":[{"@type":["WebPage","ItemPage"],"@id":"https:\/\/www.lk-b.de\/gesundheit\/visipure\/","url":"https:\/\/www.lk-b.de\/gesundheit\/visipure\/","name":"VisiPure - Erfahrungen und Bewertungen","isPartOf":{"@id":"https:\/\/www.lk-b.de\/gesundheit\/#website"},"primaryImageOfPage":{"@id":"https:\/\/www.lk-b.de\/gesundheit\/visipure\/#primaryimage"},"image":{"@id":"https:\/\/www.lk-b.de\/gesundheit\/visipure\/#primaryimage"},"thumbnailUrl":"https:\/\/www.lk-b.de\/gesundheit\/wp-content\/uploads\/2024\/12\/Visipure.jpg","datePublished":"2024-12-05T05:39:06+00:00","dateModified":"2025-08-28T21:59:42+00:00","breadcrumb":{"@id":"https:\/\/www.lk-b.de\/gesundheit\/visipure\/#breadcrumb"},"inLanguage":"de","potentialAction":[{"@type":"ReadAction","target":["https:\/\/www.lk-b.de\/gesundheit\/visipure\/"]}]},{"@type":"ImageObject","inLanguage":"de","@id":"https:\/\/www.lk-b.de\/gesundheit\/visipure\/#primaryimage","url":"https:\/\/www.lk-b.de\/gesundheit\/wp-content\/uploads\/2024\/12\/Visipure.jpg","contentUrl":"https:\/\/www.lk-b.de\/gesundheit\/wp-content\/uploads\/2024\/12\/Visipure.jpg","width":720,"height":720,"caption":"Visipure"},{"@type":"BreadcrumbList","@id":"https:\/\/www.lk-b.de\/gesundheit\/visipure\/#breadcrumb","itemListElement":[{"@type":"ListItem","position":1,"name":"Startseite","item":"https:\/\/www.lk-b.de\/gesundheit\/"},{"@type":"ListItem","position":2,"name":"Gesundheit","item":"https:\/\/www.lk-b.de\/gesundheit\/"},{"@type":"ListItem","position":3,"name":"VisiPure"}]},{"@type":"WebSite","@id":"https:\/\/www.lk-b.de\/gesundheit\/#website","url":"https:\/\/www.lk-b.de\/gesundheit\/","name":"Lungenklinik Ballenstedt","description":"","publisher":{"@id":"https:\/\/www.lk-b.de\/gesundheit\/#organization"},"potentialAction":[{"@type":"SearchAction","target":{"@type":"EntryPoint","urlTemplate":"https:\/\/www.lk-b.de\/gesundheit\/?s={search_term_string}"},"query-input":{"@type":"PropertyValueSpecification","valueRequired":true,"valueName":"search_term_string"}}],"inLanguage":"de"},{"@type":"Organization","@id":"https:\/\/www.lk-b.de\/gesundheit\/#organization","name":"Lungenklinik Ballenstedt","url":"https:\/\/www.lk-b.de\/gesundheit\/","logo":{"@type":"ImageObject","inLanguage":"de","@id":"https:\/\/www.lk-b.de\/gesundheit\/#\/schema\/logo\/image\/","url":"https:\/\/www.lk-b.de\/gesundheit\/wp-content\/uploads\/2024\/11\/logo.jpg","contentUrl":"https:\/\/www.lk-b.de\/gesundheit\/wp-content\/uploads\/2024\/11\/logo.jpg","width":1170,"height":1171,"caption":"Lungenklinik Ballenstedt"},"image":{"@id":"https:\/\/www.lk-b.de\/gesundheit\/#\/schema\/logo\/image\/"}}]}},"_links":{"self":[{"href":"https:\/\/www.lk-b.de\/gesundheit\/wp-json\/wp\/v2\/product\/231","targetHints":{"allow":["GET"]}}],"collection":[{"href":"https:\/\/www.lk-b.de\/gesundheit\/wp-json\/wp\/v2\/product"}],"about":[{"href":"https:\/\/www.lk-b.de\/gesundheit\/wp-json\/wp\/v2\/types\/product"}],"replies":[{"embeddable":true,"href":"https:\/\/www.lk-b.de\/gesundheit\/wp-json\/wp\/v2\/comments?post=231"}],"wp:featuredmedia":[{"embeddable":true,"href":"https:\/\/www.lk-b.de\/gesundheit\/wp-json\/wp\/v2\/media\/232"}],"wp:attachment":[{"href":"https:\/\/www.lk-b.de\/gesundheit\/wp-json\/wp\/v2\/media?parent=231"}],"wp:term":[{"taxonomy":"product_brand","embeddable":true,"href":"https:\/\/www.lk-b.de\/gesundheit\/wp-json\/wp\/v2\/product_brand?post=231"},{"taxonomy":"product_cat","embeddable":true,"href":"https:\/\/www.lk-b.de\/gesundheit\/wp-json\/wp\/v2\/product_cat?post=231"},{"taxonomy":"product_tag","embeddable":true,"href":"https:\/\/www.lk-b.de\/gesundheit\/wp-json\/wp\/v2\/product_tag?post=231"}],"curies":[{"name":"wp","href":"https:\/\/api.w.org\/{rel}","templated":true}]}}