{"id":105,"date":"2024-11-24T02:05:58","date_gmt":"2024-11-24T02:05:58","guid":{"rendered":"https:\/\/www.lk-b.de\/gesundheit\/?post_type=product&#038;p=105"},"modified":"2025-04-06T03:31:03","modified_gmt":"2025-04-06T03:31:03","slug":"nutrim","status":"publish","type":"product","link":"https:\/\/www.lk-b.de\/gesundheit\/nutrim\/","title":{"rendered":"Nutrim"},"content":{"rendered":"<p><strong>Nutrim<\/strong> ist ein innovatives Nahrungserg\u00e4nzungsmittel, das speziell f\u00fcr Menschen entwickelt wurde, die ihre Gewichtsabnahme unterst\u00fctzen und gleichzeitig ihr allgemeines Wohlbefinden steigern m\u00f6chten. Mit seiner einzigartigen Kombination aus nat\u00fcrlichen Inhaltsstoffen hilft Nutrim dabei, den Stoffwechsel zu aktivieren, das Hungergef\u00fchl zu regulieren und die Verdauung zu f\u00f6rdern. Dieses Produkt bietet eine umfassende L\u00f6sung f\u00fcr alle, die einen gesunden Lebensstil verfolgen und sich in ihrem K\u00f6rper wohler f\u00fchlen m\u00f6chten.<\/p>\n<div class=\"su-button-center\"><a href=\"https:\/\/www.lk-b.de\/gesundheit\/nutrim-de\" class=\"su-button su-button-style-3d\" style=\"color:#FFFFFF;background-color:#0067ff;border-color:#0053cc;border-radius:10px\" target=\"_self\"><span style=\"color:#FFFFFF;padding:0px 34px;font-size:25px;line-height:50px;border-color:#4d95ff;border-radius:10px;text-shadow:none\"> <strong>Nutrim F\u00f6rderung -30%<\/strong><\/span><\/a><\/div>\n<p>&nbsp;<\/p>\n<div style=\"overflow-x: auto; width: 100%;\">\n<table style=\"width: 100%; border-collapse: collapse; border: 1px solid #000; font-family: Arial, sans-serif;\">\n<thead style=\"background-color: #f2f2f2;\">\n<tr>\n<th style=\"border: 1px solid #000; padding: 5px; text-align: left; vertical-align: top;\">Kategorie<\/th>\n<th style=\"border: 1px solid #000; padding: 5px; text-align: left; vertical-align: top;\">Details<\/th>\n<\/tr>\n<\/thead>\n<tbody>\n<tr>\n<td style=\"border: 1px solid #000; padding: 5px; text-align: left; vertical-align: top;\"><strong>Produktname<\/strong><\/td>\n<td style=\"border: 1px solid #000; padding: 5px; text-align: left; vertical-align: top;\">Nutrim<\/td>\n<\/tr>\n<tr>\n<td style=\"border: 1px solid #000; padding: 5px; text-align: left; vertical-align: top;\"><strong>Verwendungszweck<\/strong><\/td>\n<td style=\"border: 1px solid #000; padding: 5px; text-align: left; vertical-align: top;\">Unterst\u00fctzt Gewichtsabnahme und f\u00f6rdert das allgemeine Wohlbefinden.<\/td>\n<\/tr>\n<tr>\n<td style=\"border: 1px solid #000; padding: 5px; text-align: left; vertical-align: top;\"><strong>Hauptinhaltsstoffe<\/strong><\/td>\n<td style=\"border: 1px solid #000; padding: 5px; text-align: left; vertical-align: top;\">\n<ul style=\"margin: 0; padding-left: 20px;\">\n<li>Garcinia Cambogia (HCA)<\/li>\n<li>Hydroxypropylmethylcellulose<\/li>\n<li>Knotentang-Extrakt (Jod)<\/li>\n<li>Ingwer<\/li>\n<li>Gr\u00fcner Tee<\/li>\n<li>Gr\u00fcner Kaffee<\/li>\n<li>Kardamom<\/li>\n<li>Inulin<\/li>\n<\/ul>\n<\/td>\n<\/tr>\n<tr>\n<td style=\"border: 1px solid #000; padding: 5px; text-align: left; vertical-align: top;\"><strong>Empfohlene Dosierung<\/strong><\/td>\n<td style=\"border: 1px solid #000; padding: 5px; text-align: left; vertical-align: top;\">2 Kapseln pro Tag, vorzugsweise vor den Hauptmahlzeiten mit Wasser.<\/td>\n<\/tr>\n<tr>\n<td style=\"border: 1px solid #000; padding: 5px; text-align: left; vertical-align: top;\"><strong>Geeignet f\u00fcr<\/strong><\/td>\n<td style=\"border: 1px solid #000; padding: 5px; text-align: left; vertical-align: top;\">Erwachsene, die ihr Gewicht reduzieren und ihre Verdauung verbessern m\u00f6chten.<\/td>\n<\/tr>\n<tr>\n<td style=\"border: 1px solid #000; padding: 5px; text-align: left; vertical-align: top;\"><strong>Wirkungen<\/strong><\/td>\n<td style=\"border: 1px solid #000; padding: 5px; text-align: left; vertical-align: top;\">\n<ul style=\"margin: 0; padding-left: 20px;\">\n<li>F\u00f6rdert die Gewichtsabnahme<\/li>\n<li>Reduziert Hungergef\u00fchl und Hei\u00dfhungerattacken<\/li>\n<li>Unterst\u00fctzt den Stoffwechsel<\/li>\n<li>Verbessert die Verdauung<\/li>\n<\/ul>\n<\/td>\n<\/tr>\n<tr>\n<td style=\"border: 1px solid #000; padding: 5px; text-align: left; vertical-align: top;\"><strong>Kontraindikationen<\/strong><\/td>\n<td style=\"border: 1px solid #000; padding: 5px; text-align: left; vertical-align: top;\">Allergie gegen Inhaltsstoffe; R\u00fccksprache mit Arzt bei gesundheitlichen Problemen empfohlen.<\/td>\n<\/tr>\n<tr>\n<td style=\"border: 1px solid #000; padding: 5px; text-align: left; vertical-align: top;\"><strong>Schwangerschaft\/Stillzeit<\/strong><\/td>\n<td style=\"border: 1px solid #000; padding: 5px; text-align: left; vertical-align: top;\">Nicht empfohlen, es sei denn, ein Arzt hat die Einnahme genehmigt.<\/td>\n<\/tr>\n<tr>\n<td style=\"border: 1px solid #000; padding: 5px; text-align: left; vertical-align: top;\"><strong>Lagerung<\/strong><\/td>\n<td style=\"border: 1px solid #000; padding: 5px; text-align: left; vertical-align: top;\">Trocken, k\u00fchl und au\u00dferhalb der Reichweite von Kindern, in der Originalverpackung lagern.<\/td>\n<\/tr>\n<\/tbody>\n<\/table>\n<\/div>\n<h2>Indikationen f\u00fcr die Anwendung von Nutrim<\/h2>\n<p>Nutrim ist besonders geeignet f\u00fcr Personen, die:<\/p>\n<ul>\n<li>Ihr Gewicht auf nat\u00fcrliche Weise reduzieren m\u00f6chten,<\/li>\n<li>Ihr S\u00e4ttigungsgef\u00fchl verbessern und Hei\u00dfhungerattacken reduzieren wollen,<\/li>\n<li>Ihren Stoffwechsel anregen m\u00f6chten, um mehr Energie zu verbrauchen,<\/li>\n<li>Ihre Verdauung f\u00f6rdern und die Darmgesundheit unterst\u00fctzen m\u00f6chten.<\/li>\n<\/ul>\n<p>Dieses Produkt kann in Kombination mit einer ausgewogenen Ern\u00e4hrung und regelm\u00e4\u00dfiger Bewegung verwendet werden, um die Ergebnisse zu maximieren und langfristig ein gesundes Gewicht zu halten.<\/p>\n<div class=\"su-button-center\"><a href=\"https:\/\/www.lk-b.de\/gesundheit\/nutrim-de\" class=\"su-button su-button-style-3d\" style=\"color:#FFFFFF;background-color:#0067ff;border-color:#0053cc;border-radius:10px\" target=\"_self\"><span style=\"color:#FFFFFF;padding:0px 34px;font-size:25px;line-height:50px;border-color:#4d95ff;border-radius:10px;text-shadow:none\"> <strong>Nutrim F\u00f6rderung -30%<\/strong><\/span><\/a><\/div>\n<p>&nbsp;<\/p>\n<h2>F\u00fcr wen ist Nutrim geeignet?<\/h2>\n<p>Nutrim richtet sich an Erwachsene, die ihre Gewichtsabnahme unterst\u00fctzen und gleichzeitig ihr allgemeines Wohlbefinden steigern m\u00f6chten. Es ist ideal f\u00fcr Menschen, die:<\/p>\n<ul>\n<li>Einen aktiven Lebensstil f\u00fchren und ihre Ziele im Bereich der Gewichtsregulierung erreichen wollen,<\/li>\n<li>Nach einem nat\u00fcrlichen und sicheren Produkt suchen, das sie in ihrem Alltag begleitet,<\/li>\n<li>Wert auf eine ganzheitliche Unterst\u00fctzung legen, die den Stoffwechsel, die Verdauung und das Energieniveau f\u00f6rdert.<\/li>\n<\/ul>\n<p>Das Produkt eignet sich f\u00fcr M\u00e4nner und Frauen gleicherma\u00dfen und kann unabh\u00e4ngig vom Alter verwendet werden.<\/p>\n<h2>Nutrim &#8211; Zusammensetzung<\/h2>\n<p>Nutrim enth\u00e4lt eine sorgf\u00e4ltig ausgew\u00e4hlte Mischung nat\u00fcrlicher Inhaltsstoffe, die synergetisch wirken, um Gewichtsabnahme und Wohlbefinden zu unterst\u00fctzen:<\/p>\n<ul>\n<li><strong>Garcinia Cambogia<\/strong>: Diese tropische Frucht ist reich an Hydroxyzitronens\u00e4ure (HCA), die den Fettstoffwechsel f\u00f6rdern und das Hungergef\u00fchl reduzieren kann.<\/li>\n<li><strong>Hydroxypropylmethylcellulose<\/strong>: Eine pflanzliche Kapselh\u00fclle, die sicherstellt, dass die Wirkstoffe effizient freigesetzt werden.<\/li>\n<li><strong>Knotentang-Extrakt<\/strong>: Auch bekannt als Seetang, reich an Jod, unterst\u00fctzt die normale Funktion der Schilddr\u00fcse und f\u00f6rdert den Stoffwechsel.<\/li>\n<li><strong>Ingwer<\/strong>: F\u00f6rdert die Verdauung und tr\u00e4gt zu einem allgemeinen Wohlbefinden bei.<\/li>\n<li><strong>Gr\u00fcner Tee<\/strong>: Enth\u00e4lt Antioxidantien und nat\u00fcrliche Koffeine, die den Energieverbrauch steigern k\u00f6nnen.<\/li>\n<li><strong>Gr\u00fcner Kaffee<\/strong>: Enth\u00e4lt Chlorogens\u00e4ure, die den Glukosestoffwechsel unterst\u00fctzen kann.<\/li>\n<li><strong>Kardamom<\/strong>: Unterst\u00fctzt die Verdauung und die effiziente Verwertung von N\u00e4hrstoffen.<\/li>\n<li><strong>Inulin<\/strong>: Ein pr\u00e4biotischer Ballaststoff, der die Darmgesundheit f\u00f6rdert und das S\u00e4ttigungsgef\u00fchl verbessern kann.<\/li>\n<\/ul>\n<h2>Wie wirkt Nutrim?<\/h2>\n<p>Nutrim bietet eine vielseitige Unterst\u00fctzung f\u00fcr den K\u00f6rper, um Gewichtsabnahme und Wohlbefinden zu f\u00f6rdern. Die Hydroxyzitronens\u00e4ure (HCA) aus <strong>Garcinia Cambogia<\/strong> tr\u00e4gt zur Hemmung der Fettspeicherung und zur Regulierung des Appetits bei, w\u00e4hrend der <strong>Knotentang-Extrakt<\/strong> mit seinem Jodgehalt den Stoffwechsel anregt. <strong>Gr\u00fcner Tee<\/strong> und <strong>gr\u00fcner Kaffee<\/strong> steigern den Energieverbrauch und unterst\u00fctzen den K\u00f6rper bei der Fettverbrennung. Gleichzeitig f\u00f6rdert <strong>Ingwer<\/strong> die Verdauung, und <strong>Inulin<\/strong> tr\u00e4gt zur Darmgesundheit bei, was das allgemeine Wohlbefinden steigert.<\/p>\n<p>Die synergistische Wirkung dieser Inhaltsstoffe sorgt f\u00fcr eine umfassende Unterst\u00fctzung, die sowohl die k\u00f6rperliche als auch die mentale Balance f\u00f6rdert. Durch die regelm\u00e4\u00dfige Einnahme von Nutrim k\u00f6nnen Anwender eine nachhaltige Verbesserung ihres Energielevels und ihrer allgemeinen Vitalit\u00e4t erfahren.<\/p>\n<div class=\"su-button-center\"><a href=\"https:\/\/www.lk-b.de\/gesundheit\/nutrim-de\" class=\"su-button su-button-style-3d\" style=\"color:#FFFFFF;background-color:#0067ff;border-color:#0053cc;border-radius:10px\" target=\"_self\"><span style=\"color:#FFFFFF;padding:0px 34px;font-size:25px;line-height:50px;border-color:#4d95ff;border-radius:10px;text-shadow:none\"> <strong>Nutrim F\u00f6rderung -30%<\/strong><\/span><\/a><\/div>\n<p>&nbsp;<\/p>\n<h2>Anwendung von Nutrim &#8211; Dosierung<\/h2>\n<p>Die empfohlene Dosierung von Nutrim betr\u00e4gt zwei Kapseln pro Tag, idealerweise vor den Hauptmahlzeiten, zusammen mit einem gro\u00dfen Glas Wasser. Um optimale Ergebnisse zu erzielen, sollte das Produkt mindestens \u00fcber einen Zeitraum von drei Monaten regelm\u00e4\u00dfig eingenommen werden.<\/p>\n<p>Falls Unsicherheiten bez\u00fcglich der Dosierung oder Anwendung bestehen, wird empfohlen, vor der Einnahme R\u00fccksprache mit einem Arzt oder Apotheker zu halten.<\/p>\n<h2>Gegenanzeigen und Vorsichtsma\u00dfnahmen<\/h2>\n<p>Nutrim sollte nicht von Personen verwendet werden, die auf einen der Inhaltsstoffe allergisch reagieren. Dar\u00fcber hinaus wird empfohlen, bei bestehenden gesundheitlichen Problemen, insbesondere Schilddr\u00fcsenerkrankungen oder Verdauungsst\u00f6rungen, einen Arzt zu konsultieren, bevor die Einnahme begonnen wird.<\/p>\n<h3>Schwangerschaft und Stillzeit<\/h3>\n<p>Nutrim ist w\u00e4hrend der Schwangerschaft und Stillzeit nicht empfohlen, es sei denn, ein Arzt hat die Anwendung ausdr\u00fccklich genehmigt.<\/p>\n<h3>Nebenwirkungen und unerw\u00fcnschte Reaktionen<\/h3>\n<p>Nutrim ist ein nat\u00fcrliches Produkt, und die Wahrscheinlichkeit von Nebenwirkungen ist gering. In seltenen F\u00e4llen k\u00f6nnen jedoch leichte Magen-Darm-Beschwerden oder allergische Reaktionen auftreten. Sollte es zu unerw\u00fcnschten Reaktionen kommen, wird empfohlen, die Einnahme abzubrechen und einen Arzt zu konsultieren.<\/p>\n<h2>Ergebnisse mit Nutrim<\/h2>\n<p>Die regelm\u00e4\u00dfige Einnahme von Nutrim kann zu einer sichtbaren Verbesserung der K\u00f6rperform und des allgemeinen Wohlbefindens f\u00fchren. Viele Anwender berichten von:<\/p>\n<ul>\n<li>Reduzierung des Hungergef\u00fchls und der Hei\u00dfhungerattacken,<\/li>\n<li>Erh\u00f6htem Energielevel und besserer Leistungsf\u00e4higkeit,<\/li>\n<li>Verbesserter Verdauung und gesteigertem Wohlbefinden.<\/li>\n<\/ul>\n<p>Die Ergebnisse k\u00f6nnen individuell variieren, aber die meisten Anwender beobachten positive Effekte bereits nach wenigen Wochen regelm\u00e4\u00dfiger Einnahme.<\/p>\n<div class=\"su-button-center\"><a href=\"https:\/\/www.lk-b.de\/gesundheit\/nutrim-de\" class=\"su-button su-button-style-3d\" style=\"color:#FFFFFF;background-color:#0067ff;border-color:#0053cc;border-radius:10px\" target=\"_self\"><span style=\"color:#FFFFFF;padding:0px 34px;font-size:25px;line-height:50px;border-color:#4d95ff;border-radius:10px;text-shadow:none\"> <strong>Nutrim F\u00f6rderung -30%<\/strong><\/span><\/a><\/div>\n<p>&nbsp;<\/p>\n<h2>Bewertungen und Erfahrungsberichte zu Nutrim<\/h2>\n<p>Die Erfahrungsberichte von Nutzern zeigen, dass Nutrim eine beliebte Wahl f\u00fcr diejenigen ist, die eine nat\u00fcrliche Unterst\u00fctzung bei der Gewichtsregulierung suchen. Viele Anwender loben die Wirksamkeit des Produkts und berichten von einer besseren Kontrolle \u00fcber ihren Appetit sowie einer verbesserten Energie im Alltag. Die Kombination aus nat\u00fcrlichen Inhaltsstoffen und der guten Vertr\u00e4glichkeit wird besonders positiv hervorgehoben.<\/p>\n<h2>Lagerung<\/h2>\n<p>Nutrim sollte in der Originalverpackung an einem trockenen, k\u00fchlen Ort, fern von direktem Sonnenlicht und au\u00dferhalb der Reichweite von Kindern, aufbewahrt werden. Eine Lagerung bei Raumtemperatur ist ideal, um die Qualit\u00e4t und Wirksamkeit der Inhaltsstoffe zu erhalten.<\/p>\n<p>Mit der richtigen Lagerung bleibt Nutrim \u00fcber die gesamte Anwendungsdauer hinweg wirksam und sicher.<\/p>\n","protected":false},"excerpt":{"rendered":"<p>Nutrim ist ein innovatives Nahrungserg\u00e4nzungsmittel, das speziell f\u00fcr Menschen entwickelt wurde, die ihre Gewichtsabnahme unterst\u00fctzen und gleichzeitig ihr allgemeines Wohlbefinden [&hellip;]<\/p>\n","protected":false},"featured_media":106,"comment_status":"open","ping_status":"closed","template":"","meta":{"site-sidebar-layout":"default","site-content-layout":"","ast-site-content-layout":"default","site-content-style":"default","site-sidebar-style":"default","ast-global-header-display":"","ast-banner-title-visibility":"","ast-main-header-display":"","ast-hfb-above-header-display":"","ast-hfb-below-header-display":"","ast-hfb-mobile-header-display":"","site-post-title":"","ast-breadcrumbs-content":"","ast-featured-img":"","footer-sml-layout":"","ast-disable-related-posts":"","theme-transparent-header-meta":"default","adv-header-id-meta":"","stick-header-meta":"default","header-above-stick-meta":"","header-main-stick-meta":"","header-below-stick-meta":"","astra-migrate-meta-layouts":"set","ast-page-background-enabled":"default","ast-page-background-meta":{"desktop":{"background-color":"var(--ast-global-color-4)","background-image":"","background-repeat":"repeat","background-position":"center center","background-size":"auto","background-attachment":"scroll","background-type":"","background-media":"","overlay-type":"","overlay-color":"","overlay-opacity":"","overlay-gradient":""},"tablet":{"background-color":"","background-image":"","background-repeat":"repeat","background-position":"center center","background-size":"auto","background-attachment":"scroll","background-type":"","background-media":"","overlay-type":"","overlay-color":"","overlay-opacity":"","overlay-gradient":""},"mobile":{"background-color":"","background-image":"","background-repeat":"repeat","background-position":"center center","background-size":"auto","background-attachment":"scroll","background-type":"","background-media":"","overlay-type":"","overlay-color":"","overlay-opacity":"","overlay-gradient":""}},"ast-content-background-meta":{"desktop":{"background-color":"var(--ast-global-color-5)","background-image":"","background-repeat":"repeat","background-position":"center center","background-size":"auto","background-attachment":"scroll","background-type":"","background-media":"","overlay-type":"","overlay-color":"","overlay-opacity":"","overlay-gradient":""},"tablet":{"background-color":"var(--ast-global-color-5)","background-image":"","background-repeat":"repeat","background-position":"center center","background-size":"auto","background-attachment":"scroll","background-type":"","background-media":"","overlay-type":"","overlay-color":"","overlay-opacity":"","overlay-gradient":""},"mobile":{"background-color":"var(--ast-global-color-5)","background-image":"","background-repeat":"repeat","background-position":"center center","background-size":"auto","background-attachment":"scroll","background-type":"","background-media":"","overlay-type":"","overlay-color":"","overlay-opacity":"","overlay-gradient":""}}},"product_brand":[],"product_cat":[19],"product_tag":[],"class_list":{"0":"post-105","1":"product","2":"type-product","3":"status-publish","4":"has-post-thumbnail","6":"product_cat-gewichtsverlust","7":"desktop-align-left","8":"tablet-align-left","9":"mobile-align-left","10":"ast-product-gallery-layout-first-image-large","11":"ast-product-gallery-with-no-image","12":"ast-product-tabs-layout-vertical","14":"first","15":"instock","16":"sale","17":"shipping-taxable","18":"product-type-external"},"yoast_head":"<!-- This site is optimized with the Yoast SEO plugin v27.6 - https:\/\/yoast.com\/product\/yoast-seo-wordpress\/ -->\n<title>Nutrim - Erfahrungen und Bewertungen<\/title>\n<meta name=\"robots\" content=\"index, follow, max-snippet:-1, max-image-preview:large, max-video-preview:-1\" \/>\n<link rel=\"canonical\" href=\"https:\/\/www.lk-b.de\/gesundheit\/nutrim\/\" \/>\n<meta property=\"og:locale\" content=\"de_DE\" \/>\n<meta property=\"og:type\" content=\"article\" \/>\n<meta property=\"og:title\" content=\"Nutrim - Erfahrungen und Bewertungen\" \/>\n<meta property=\"og:description\" content=\"Nutrim ist ein innovatives Nahrungserg\u00e4nzungsmittel, das speziell f\u00fcr Menschen entwickelt wurde, die ihre Gewichtsabnahme unterst\u00fctzen und gleichzeitig ihr allgemeines Wohlbefinden [&hellip;]\" \/>\n<meta property=\"og:url\" content=\"https:\/\/www.lk-b.de\/gesundheit\/nutrim\/\" \/>\n<meta property=\"og:site_name\" content=\"Lungenklinik Ballenstedt\" \/>\n<meta property=\"article:modified_time\" content=\"2025-04-06T03:31:03+00:00\" \/>\n<meta property=\"og:image\" content=\"https:\/\/www.lk-b.de\/gesundheit\/wp-content\/uploads\/2024\/11\/Nutrim.png\" \/>\n\t<meta property=\"og:image:width\" content=\"1024\" \/>\n\t<meta property=\"og:image:height\" content=\"776\" \/>\n\t<meta property=\"og:image:type\" content=\"image\/png\" \/>\n<meta name=\"twitter:card\" content=\"summary_large_image\" \/>\n<meta name=\"twitter:label1\" content=\"Gesch\u00e4tzte Lesezeit\" \/>\n\t<meta name=\"twitter:data1\" content=\"6\u00a0Minuten\" \/>\n<script type=\"application\/ld+json\" class=\"yoast-schema-graph\">{\"@context\":\"https:\\\/\\\/schema.org\",\"@graph\":[{\"@type\":[\"WebPage\",\"ItemPage\"],\"@id\":\"https:\\\/\\\/www.lk-b.de\\\/gesundheit\\\/nutrim\\\/\",\"url\":\"https:\\\/\\\/www.lk-b.de\\\/gesundheit\\\/nutrim\\\/\",\"name\":\"Nutrim - Erfahrungen und Bewertungen\",\"isPartOf\":{\"@id\":\"https:\\\/\\\/www.lk-b.de\\\/gesundheit\\\/#website\"},\"primaryImageOfPage\":{\"@id\":\"https:\\\/\\\/www.lk-b.de\\\/gesundheit\\\/nutrim\\\/#primaryimage\"},\"image\":{\"@id\":\"https:\\\/\\\/www.lk-b.de\\\/gesundheit\\\/nutrim\\\/#primaryimage\"},\"thumbnailUrl\":\"https:\\\/\\\/www.lk-b.de\\\/gesundheit\\\/wp-content\\\/uploads\\\/2024\\\/11\\\/Nutrim.png\",\"datePublished\":\"2024-11-24T02:05:58+00:00\",\"dateModified\":\"2025-04-06T03:31:03+00:00\",\"breadcrumb\":{\"@id\":\"https:\\\/\\\/www.lk-b.de\\\/gesundheit\\\/nutrim\\\/#breadcrumb\"},\"inLanguage\":\"de\",\"potentialAction\":[{\"@type\":\"ReadAction\",\"target\":[\"https:\\\/\\\/www.lk-b.de\\\/gesundheit\\\/nutrim\\\/\"]}]},{\"@type\":\"ImageObject\",\"inLanguage\":\"de\",\"@id\":\"https:\\\/\\\/www.lk-b.de\\\/gesundheit\\\/nutrim\\\/#primaryimage\",\"url\":\"https:\\\/\\\/www.lk-b.de\\\/gesundheit\\\/wp-content\\\/uploads\\\/2024\\\/11\\\/Nutrim.png\",\"contentUrl\":\"https:\\\/\\\/www.lk-b.de\\\/gesundheit\\\/wp-content\\\/uploads\\\/2024\\\/11\\\/Nutrim.png\",\"width\":1024,\"height\":776,\"caption\":\"Nutrim\"},{\"@type\":\"BreadcrumbList\",\"@id\":\"https:\\\/\\\/www.lk-b.de\\\/gesundheit\\\/nutrim\\\/#breadcrumb\",\"itemListElement\":[{\"@type\":\"ListItem\",\"position\":1,\"name\":\"Startseite\",\"item\":\"https:\\\/\\\/www.lk-b.de\\\/gesundheit\\\/\"},{\"@type\":\"ListItem\",\"position\":2,\"name\":\"Gesundheit\",\"item\":\"https:\\\/\\\/www.lk-b.de\\\/gesundheit\\\/\"},{\"@type\":\"ListItem\",\"position\":3,\"name\":\"Nutrim\"}]},{\"@type\":\"WebSite\",\"@id\":\"https:\\\/\\\/www.lk-b.de\\\/gesundheit\\\/#website\",\"url\":\"https:\\\/\\\/www.lk-b.de\\\/gesundheit\\\/\",\"name\":\"Lungenklinik Ballenstedt\",\"description\":\"\",\"publisher\":{\"@id\":\"https:\\\/\\\/www.lk-b.de\\\/gesundheit\\\/#organization\"},\"potentialAction\":[{\"@type\":\"SearchAction\",\"target\":{\"@type\":\"EntryPoint\",\"urlTemplate\":\"https:\\\/\\\/www.lk-b.de\\\/gesundheit\\\/?s={search_term_string}\"},\"query-input\":{\"@type\":\"PropertyValueSpecification\",\"valueRequired\":true,\"valueName\":\"search_term_string\"}}],\"inLanguage\":\"de\"},{\"@type\":\"Organization\",\"@id\":\"https:\\\/\\\/www.lk-b.de\\\/gesundheit\\\/#organization\",\"name\":\"Lungenklinik Ballenstedt\",\"url\":\"https:\\\/\\\/www.lk-b.de\\\/gesundheit\\\/\",\"logo\":{\"@type\":\"ImageObject\",\"inLanguage\":\"de\",\"@id\":\"https:\\\/\\\/www.lk-b.de\\\/gesundheit\\\/#\\\/schema\\\/logo\\\/image\\\/\",\"url\":\"https:\\\/\\\/www.lk-b.de\\\/gesundheit\\\/wp-content\\\/uploads\\\/2024\\\/11\\\/logo.jpg\",\"contentUrl\":\"https:\\\/\\\/www.lk-b.de\\\/gesundheit\\\/wp-content\\\/uploads\\\/2024\\\/11\\\/logo.jpg\",\"width\":1170,\"height\":1171,\"caption\":\"Lungenklinik Ballenstedt\"},\"image\":{\"@id\":\"https:\\\/\\\/www.lk-b.de\\\/gesundheit\\\/#\\\/schema\\\/logo\\\/image\\\/\"}}]}<\/script>\n<!-- \/ Yoast SEO plugin. -->","yoast_head_json":{"title":"Nutrim - Erfahrungen und Bewertungen","robots":{"index":"index","follow":"follow","max-snippet":"max-snippet:-1","max-image-preview":"max-image-preview:large","max-video-preview":"max-video-preview:-1"},"canonical":"https:\/\/www.lk-b.de\/gesundheit\/nutrim\/","og_locale":"de_DE","og_type":"article","og_title":"Nutrim - Erfahrungen und Bewertungen","og_description":"Nutrim ist ein innovatives Nahrungserg\u00e4nzungsmittel, das speziell f\u00fcr Menschen entwickelt wurde, die ihre Gewichtsabnahme unterst\u00fctzen und gleichzeitig ihr allgemeines Wohlbefinden [&hellip;]","og_url":"https:\/\/www.lk-b.de\/gesundheit\/nutrim\/","og_site_name":"Lungenklinik Ballenstedt","article_modified_time":"2025-04-06T03:31:03+00:00","og_image":[{"width":1024,"height":776,"url":"https:\/\/www.lk-b.de\/gesundheit\/wp-content\/uploads\/2024\/11\/Nutrim.png","type":"image\/png"}],"twitter_card":"summary_large_image","twitter_misc":{"Gesch\u00e4tzte Lesezeit":"6\u00a0Minuten"},"schema":{"@context":"https:\/\/schema.org","@graph":[{"@type":["WebPage","ItemPage"],"@id":"https:\/\/www.lk-b.de\/gesundheit\/nutrim\/","url":"https:\/\/www.lk-b.de\/gesundheit\/nutrim\/","name":"Nutrim - Erfahrungen und Bewertungen","isPartOf":{"@id":"https:\/\/www.lk-b.de\/gesundheit\/#website"},"primaryImageOfPage":{"@id":"https:\/\/www.lk-b.de\/gesundheit\/nutrim\/#primaryimage"},"image":{"@id":"https:\/\/www.lk-b.de\/gesundheit\/nutrim\/#primaryimage"},"thumbnailUrl":"https:\/\/www.lk-b.de\/gesundheit\/wp-content\/uploads\/2024\/11\/Nutrim.png","datePublished":"2024-11-24T02:05:58+00:00","dateModified":"2025-04-06T03:31:03+00:00","breadcrumb":{"@id":"https:\/\/www.lk-b.de\/gesundheit\/nutrim\/#breadcrumb"},"inLanguage":"de","potentialAction":[{"@type":"ReadAction","target":["https:\/\/www.lk-b.de\/gesundheit\/nutrim\/"]}]},{"@type":"ImageObject","inLanguage":"de","@id":"https:\/\/www.lk-b.de\/gesundheit\/nutrim\/#primaryimage","url":"https:\/\/www.lk-b.de\/gesundheit\/wp-content\/uploads\/2024\/11\/Nutrim.png","contentUrl":"https:\/\/www.lk-b.de\/gesundheit\/wp-content\/uploads\/2024\/11\/Nutrim.png","width":1024,"height":776,"caption":"Nutrim"},{"@type":"BreadcrumbList","@id":"https:\/\/www.lk-b.de\/gesundheit\/nutrim\/#breadcrumb","itemListElement":[{"@type":"ListItem","position":1,"name":"Startseite","item":"https:\/\/www.lk-b.de\/gesundheit\/"},{"@type":"ListItem","position":2,"name":"Gesundheit","item":"https:\/\/www.lk-b.de\/gesundheit\/"},{"@type":"ListItem","position":3,"name":"Nutrim"}]},{"@type":"WebSite","@id":"https:\/\/www.lk-b.de\/gesundheit\/#website","url":"https:\/\/www.lk-b.de\/gesundheit\/","name":"Lungenklinik Ballenstedt","description":"","publisher":{"@id":"https:\/\/www.lk-b.de\/gesundheit\/#organization"},"potentialAction":[{"@type":"SearchAction","target":{"@type":"EntryPoint","urlTemplate":"https:\/\/www.lk-b.de\/gesundheit\/?s={search_term_string}"},"query-input":{"@type":"PropertyValueSpecification","valueRequired":true,"valueName":"search_term_string"}}],"inLanguage":"de"},{"@type":"Organization","@id":"https:\/\/www.lk-b.de\/gesundheit\/#organization","name":"Lungenklinik Ballenstedt","url":"https:\/\/www.lk-b.de\/gesundheit\/","logo":{"@type":"ImageObject","inLanguage":"de","@id":"https:\/\/www.lk-b.de\/gesundheit\/#\/schema\/logo\/image\/","url":"https:\/\/www.lk-b.de\/gesundheit\/wp-content\/uploads\/2024\/11\/logo.jpg","contentUrl":"https:\/\/www.lk-b.de\/gesundheit\/wp-content\/uploads\/2024\/11\/logo.jpg","width":1170,"height":1171,"caption":"Lungenklinik Ballenstedt"},"image":{"@id":"https:\/\/www.lk-b.de\/gesundheit\/#\/schema\/logo\/image\/"}}]}},"_links":{"self":[{"href":"https:\/\/www.lk-b.de\/gesundheit\/wp-json\/wp\/v2\/product\/105","targetHints":{"allow":["GET"]}}],"collection":[{"href":"https:\/\/www.lk-b.de\/gesundheit\/wp-json\/wp\/v2\/product"}],"about":[{"href":"https:\/\/www.lk-b.de\/gesundheit\/wp-json\/wp\/v2\/types\/product"}],"replies":[{"embeddable":true,"href":"https:\/\/www.lk-b.de\/gesundheit\/wp-json\/wp\/v2\/comments?post=105"}],"wp:featuredmedia":[{"embeddable":true,"href":"https:\/\/www.lk-b.de\/gesundheit\/wp-json\/wp\/v2\/media\/106"}],"wp:attachment":[{"href":"https:\/\/www.lk-b.de\/gesundheit\/wp-json\/wp\/v2\/media?parent=105"}],"wp:term":[{"taxonomy":"product_brand","embeddable":true,"href":"https:\/\/www.lk-b.de\/gesundheit\/wp-json\/wp\/v2\/product_brand?post=105"},{"taxonomy":"product_cat","embeddable":true,"href":"https:\/\/www.lk-b.de\/gesundheit\/wp-json\/wp\/v2\/product_cat?post=105"},{"taxonomy":"product_tag","embeddable":true,"href":"https:\/\/www.lk-b.de\/gesundheit\/wp-json\/wp\/v2\/product_tag?post=105"}],"curies":[{"name":"wp","href":"https:\/\/api.w.org\/{rel}","templated":true}]}}